{"id":14199,"date":"2026-04-22T10:18:08","date_gmt":"2026-04-22T08:18:08","guid":{"rendered":"https:\/\/migwan.ch\/?page_id=14199"},"modified":"2026-04-22T10:29:13","modified_gmt":"2026-04-22T08:29:13","slug":"freundeskreis-migwan","status":"publish","type":"page","link":"https:\/\/migwan.ch\/en\/freundeskreis-migwan\/","title":{"rendered":"Friends of Migwan"},"content":{"rendered":"\t\t<div data-elementor-type=\"wp-page\" data-elementor-id=\"14199\" class=\"elementor elementor-14199\" data-elementor-post-type=\"page\">\n\t\t\t\t<div data-particle_enable=\"false\" data-particle-mobile-disabled=\"false\" class=\"elementor-element elementor-element-d944a3e e-flex e-con-boxed e-con e-parent\" data-id=\"d944a3e\" data-element_type=\"container\" data-e-type=\"container\">\n\t\t\t\t\t<div class=\"e-con-inner\">\n\t\t\t\t<div class=\"elementor-element elementor-element-1e88394 elementor-widget elementor-widget-heading\" data-id=\"1e88394\" data-element_type=\"widget\" data-e-type=\"widget\" data-widget_type=\"heading.default\">\n\t\t\t\t<div class=\"elementor-widget-container\">\n\t\t\t\t\t<h4 class=\"elementor-heading-title elementor-size-default\">NEU! <\/h4>\t\t\t\t<\/div>\n\t\t\t\t<\/div>\n\t\t\t\t<div class=\"elementor-element elementor-element-c5401e1 elementor-widget elementor-widget-heading\" data-id=\"c5401e1\" data-element_type=\"widget\" data-e-type=\"widget\" data-widget_type=\"heading.default\">\n\t\t\t\t<div class=\"elementor-widget-container\">\n\t\t\t\t\t<h1 class=\"elementor-heading-title elementor-size-default\">Freundeskreis MIGWAN<\/h1>\t\t\t\t<\/div>\n\t\t\t\t<\/div>\n\t\t\t\t\t<\/div>\n\t\t\t\t<\/div>\n\t\t<div data-particle_enable=\"false\" data-particle-mobile-disabled=\"false\" class=\"elementor-element elementor-element-bc238aa e-flex e-con-boxed e-con e-parent\" data-id=\"bc238aa\" data-element_type=\"container\" data-e-type=\"container\">\n\t\t\t\t\t<div class=\"e-con-inner\">\n\t\t<div data-particle_enable=\"false\" data-particle-mobile-disabled=\"false\" class=\"elementor-element elementor-element-391b7f7 e-con-full e-flex e-con e-child\" data-id=\"391b7f7\" data-element_type=\"container\" data-e-type=\"container\">\n\t\t\t\t<div class=\"elementor-element elementor-element-ca8ee8b elementor-widget elementor-widget-text-editor\" data-id=\"ca8ee8b\" data-element_type=\"widget\" data-e-type=\"widget\" data-widget_type=\"text-editor.default\">\n\t\t\t\t<div class=\"elementor-widget-container\">\n\t\t\t\t\t\t\t\t\t<h4>Aus Verbundenheit mit der Liberalen J\u00fcdischen Gemeinde in Basel<\/h4><p><br \/>\u00abFreundeskreis MIGWAN\u00bb richtet sich an alle Menschen, die ihre Solidarit\u00e4t mit liberalem j\u00fcdischem Leben zum Ausdruck bringen wollen, sowie an alle, die unsere kulturellen Veranstaltungen sch\u00e4tzen und besuchen.<\/p><p>Folgende Angebote haben Sie als Mitglied im \u00abFreundeskreis MIGWAN\u00bb:<\/p><ul><li>Aufnahme in den Verteiler des Migwan-Newsletters<\/li><li>Einladung zu \u00f6ffentlichen Veranstaltungen<\/li><li>Teilnahme an Online-Veranstaltungen<\/li><\/ul>\t\t\t\t\t\t\t\t<\/div>\n\t\t\t\t<\/div>\n\t\t\t\t<div class=\"elementor-element elementor-element-7dc59ce elementor-button-align-stretch elementor-widget elementor-widget-form\" data-id=\"7dc59ce\" data-element_type=\"widget\" data-e-type=\"widget\" data-settings=\"{&quot;button_width&quot;:&quot;25&quot;,&quot;step_next_label&quot;:&quot;Next&quot;,&quot;step_previous_label&quot;:&quot;Previous&quot;,&quot;step_type&quot;:&quot;number_text&quot;,&quot;step_icon_shape&quot;:&quot;circle&quot;}\" data-widget_type=\"form.default\">\n\t\t\t\t<div class=\"elementor-widget-container\">\n\t\t\t\t\t\t\t<form class=\"elementor-form\" method=\"post\" name=\"New Form\" aria-label=\"New Form\">\n\t\t\t<input type=\"hidden\" name=\"post_id\" value=\"14199\"\/>\n\t\t\t<input type=\"hidden\" name=\"form_id\" value=\"7dc59ce\"\/>\n\t\t\t<input type=\"hidden\" name=\"referer_title\" value=\"Freundeskreis Migwan - Migwan\" \/>\n\n\t\t\t\t\t\t\t<input type=\"hidden\" name=\"queried_id\" value=\"14199\"\/>\n\t\t\t\n\t\t\t<div class=\"elementor-form-fields-wrapper elementor-labels-above\">\n\t\t\t\t\t\t\t\t<div class=\"elementor-field-type-html elementor-field-group elementor-column elementor-field-group-field_9e37539 elementor-col-100\">\n\t\t\t\t\t<h4>Anmeldung<\/h4>\t\t\t\t<\/div>\n\t\t\t\t\t\t\t\t<div class=\"elementor-field-type-select elementor-field-group elementor-column elementor-field-group-field_491c2d3 elementor-col-100 elementor-field-required elementor-mark-required\">\n\t\t\t\t\t\t\t\t\t\t\t\t<label for=\"form-field-field_491c2d3\" class=\"elementor-field-label\">\n\t\t\t\t\t\t\t\t Ja, ich m\u00f6chte Mitglied bei Freundeskreis MIGWAN werden:\t\t\t\t\t\t\t<\/label>\n\t\t\t\t\t\t\t\t<div class=\"elementor-field elementor-select-wrapper remove-before \">\n\t\t\t<div class=\"select-caret-down-wrapper\">\n\t\t\t\t<svg aria-hidden=\"true\" class=\"e-font-icon-svg e-eicon-caret-down\" viewBox=\"0 0 571.4 571.4\" xmlns=\"http:\/\/www.w3.org\/2000\/svg\"><path d=\"M571 393Q571 407 561 418L311 668Q300 679 286 679T261 668L11 418Q0 407 0 393T11 368 36 357H536Q550 357 561 368T571 393Z\"><\/path><\/svg>\t\t\t<\/div>\n\t\t\t<select name=\"form_fields[field_491c2d3]\" id=\"form-field-field_491c2d3\" class=\"elementor-field-textual elementor-size-sm\" required=\"required\">\n\t\t\t\t\t\t\t\t\t<option value=\"Bitte ausw\u00e4hlen\">Bitte ausw\u00e4hlen<\/option>\n\t\t\t\t\t\t\t\t\t<option value=\"Einzelperson: CHF 100.-\/Jahr\">Einzelperson: CHF 100.-\/Jahr<\/option>\n\t\t\t\t\t\t\t\t\t<option value=\"Paar\/Familie: CHF 150.-\/Jahr\">Paar\/Familie: CHF 150.-\/Jahr<\/option>\n\t\t\t\t\t\t\t\t\t<option value=\"Junge Erwachsene von 18 bis 28: CHF 50.-\/Jahr\">Junge Erwachsene von 18 bis 28: CHF 50.-\/Jahr<\/option>\n\t\t\t\t\t\t\t<\/select>\n\t\t<\/div>\n\t\t\t\t\t\t<\/div>\n\t\t\t\t\t\t\t\t<div class=\"elementor-field-type-text elementor-field-group elementor-column elementor-field-group-name elementor-col-100 elementor-field-required elementor-mark-required\">\n\t\t\t\t\t\t\t\t\t\t\t\t<label for=\"form-field-name\" class=\"elementor-field-label\">\n\t\t\t\t\t\t\t\tVorname\t\t\t\t\t\t\t<\/label>\n\t\t\t\t\t\t\t\t\t\t\t\t\t\t<input size=\"1\" type=\"text\" name=\"form_fields[name]\" id=\"form-field-name\" class=\"elementor-field elementor-size-sm  elementor-field-textual\" required=\"required\">\n\t\t\t\t\t\t\t\t\t\t\t<\/div>\n\t\t\t\t\t\t\t\t<div class=\"elementor-field-type-text elementor-field-group elementor-column elementor-field-group-field_8402e2e elementor-col-100 elementor-field-required elementor-mark-required\">\n\t\t\t\t\t\t\t\t\t\t\t\t<label for=\"form-field-field_8402e2e\" class=\"elementor-field-label\">\n\t\t\t\t\t\t\t\tName\t\t\t\t\t\t\t<\/label>\n\t\t\t\t\t\t\t\t\t\t\t\t\t\t<input size=\"1\" type=\"text\" name=\"form_fields[field_8402e2e]\" id=\"form-field-field_8402e2e\" class=\"elementor-field elementor-size-sm  elementor-field-textual\" required=\"required\">\n\t\t\t\t\t\t\t\t\t\t\t<\/div>\n\t\t\t\t\t\t\t\t<div class=\"elementor-field-type-text elementor-field-group elementor-column elementor-field-group-field_0b4d070 elementor-col-100 elementor-field-required elementor-mark-required\">\n\t\t\t\t\t\t\t\t\t\t\t\t<label for=\"form-field-field_0b4d070\" class=\"elementor-field-label\">\n\t\t\t\t\t\t\t\tStrasse\t\t\t\t\t\t\t<\/label>\n\t\t\t\t\t\t\t\t\t\t\t\t\t\t<input size=\"1\" type=\"text\" name=\"form_fields[field_0b4d070]\" id=\"form-field-field_0b4d070\" class=\"elementor-field elementor-size-sm  elementor-field-textual\" required=\"required\">\n\t\t\t\t\t\t\t\t\t\t\t<\/div>\n\t\t\t\t\t\t\t\t<div class=\"elementor-field-type-text elementor-field-group elementor-column elementor-field-group-field_ac8c9b4 elementor-col-100 elementor-field-required elementor-mark-required\">\n\t\t\t\t\t\t\t\t\t\t\t\t<label for=\"form-field-field_ac8c9b4\" class=\"elementor-field-label\">\n\t\t\t\t\t\t\t\tPLZ\t\t\t\t\t\t\t<\/label>\n\t\t\t\t\t\t\t\t\t\t\t\t\t\t<input size=\"1\" type=\"text\" name=\"form_fields[field_ac8c9b4]\" id=\"form-field-field_ac8c9b4\" class=\"elementor-field elementor-size-sm  elementor-field-textual\" required=\"required\">\n\t\t\t\t\t\t\t\t\t\t\t<\/div>\n\t\t\t\t\t\t\t\t<div class=\"elementor-field-type-text elementor-field-group elementor-column elementor-field-group-field_f01cd0b elementor-col-100 elementor-field-required elementor-mark-required\">\n\t\t\t\t\t\t\t\t\t\t\t\t<label for=\"form-field-field_f01cd0b\" class=\"elementor-field-label\">\n\t\t\t\t\t\t\t\tOrt\t\t\t\t\t\t\t<\/label>\n\t\t\t\t\t\t\t\t\t\t\t\t\t\t<input size=\"1\" type=\"text\" name=\"form_fields[field_f01cd0b]\" id=\"form-field-field_f01cd0b\" class=\"elementor-field elementor-size-sm  elementor-field-textual\" required=\"required\">\n\t\t\t\t\t\t\t\t\t\t\t<\/div>\n\t\t\t\t\t\t\t\t<div class=\"elementor-field-type-text elementor-field-group elementor-column elementor-field-group-field_fd2b1b4 elementor-col-100 elementor-field-required elementor-mark-required\">\n\t\t\t\t\t\t\t\t\t\t\t\t<label for=\"form-field-field_fd2b1b4\" class=\"elementor-field-label\">\n\t\t\t\t\t\t\t\tLand\t\t\t\t\t\t\t<\/label>\n\t\t\t\t\t\t\t\t\t\t\t\t\t\t<input size=\"1\" type=\"text\" name=\"form_fields[field_fd2b1b4]\" id=\"form-field-field_fd2b1b4\" class=\"elementor-field elementor-size-sm  elementor-field-textual\" required=\"required\">\n\t\t\t\t\t\t\t\t\t\t\t<\/div>\n\t\t\t\t\t\t\t\t<div class=\"elementor-field-type-email elementor-field-group elementor-column elementor-field-group-email elementor-col-100 elementor-field-required elementor-mark-required\">\n\t\t\t\t\t\t\t\t\t\t\t\t<label for=\"form-field-email\" class=\"elementor-field-label\">\n\t\t\t\t\t\t\t\tEmail\t\t\t\t\t\t\t<\/label>\n\t\t\t\t\t\t\t\t\t\t\t\t\t\t<input size=\"1\" type=\"email\" name=\"form_fields[email]\" id=\"form-field-email\" class=\"elementor-field elementor-size-sm  elementor-field-textual\" required=\"required\">\n\t\t\t\t\t\t\t\t\t\t\t<\/div>\n\t\t\t\t\t\t\t\t<div class=\"elementor-field-type-tel elementor-field-group elementor-column elementor-field-group-field_eb6477c elementor-col-100 elementor-field-required elementor-mark-required\">\n\t\t\t\t\t\t\t\t\t\t\t\t<label for=\"form-field-field_eb6477c\" class=\"elementor-field-label\">\n\t\t\t\t\t\t\t\tTelefon\t\t\t\t\t\t\t<\/label>\n\t\t\t\t\t\t\t\t<input size=\"1\" type=\"tel\" name=\"form_fields[field_eb6477c]\" id=\"form-field-field_eb6477c\" class=\"elementor-field elementor-size-sm  elementor-field-textual\" required=\"required\" pattern=\"[0-9()#&amp;+*-=.]+\" title=\"Es werden nur Zahlen und Telefonzeichen (#, -, *, usw.) akzeptiert.\">\n\n\t\t\t\t\t\t<\/div>\n\t\t\t\t\t\t\t\t<div class=\"elementor-field-type-textarea elementor-field-group elementor-column elementor-field-group-message elementor-col-100 elementor-field-required elementor-mark-required\">\n\t\t\t\t\t\t\t\t\t\t\t\t<label for=\"form-field-message\" class=\"elementor-field-label\">\n\t\t\t\t\t\t\t\tWas ist Ihre Motivation Migwan zu unterst\u00fctzen?\t\t\t\t\t\t\t<\/label>\n\t\t\t\t\t\t<textarea class=\"elementor-field-textual elementor-field  elementor-size-sm\" name=\"form_fields[message]\" id=\"form-field-message\" rows=\"4\" required=\"required\"><\/textarea>\t\t\t\t<\/div>\n\t\t\t\t\t\t\t\t<div class=\"elementor-field-group elementor-column elementor-field-type-submit elementor-col-25 e-form__buttons\">\n\t\t\t\t\t<button class=\"elementor-button elementor-size-sm\" type=\"submit\">\n\t\t\t\t\t\t<span class=\"elementor-button-content-wrapper\">\n\t\t\t\t\t\t\t\t\t\t\t\t\t\t\t\t\t\t\t\t\t\t<span class=\"elementor-button-text\">Senden<\/span>\n\t\t\t\t\t\t\t\t\t\t\t\t\t<\/span>\n\t\t\t\t\t<\/button>\n\t\t\t\t<\/div>\n\t\t\t<\/div>\n\t\t<\/form>\n\t\t\t\t\t\t<\/div>\n\t\t\t\t<\/div>\n\t\t\t\t<\/div>\n\t\t<div data-particle_enable=\"false\" data-particle-mobile-disabled=\"false\" class=\"elementor-element elementor-element-39cdf96 e-con-full e-flex e-con e-child\" data-id=\"39cdf96\" data-element_type=\"container\" data-e-type=\"container\" data-settings=\"{&quot;background_background&quot;:&quot;classic&quot;}\">\n\t\t<div data-particle_enable=\"false\" data-particle-mobile-disabled=\"false\" class=\"elementor-element elementor-element-1a5f203 e-con-full e-flex e-con e-child\" data-id=\"1a5f203\" data-element_type=\"container\" data-e-type=\"container\" data-settings=\"{&quot;background_background&quot;:&quot;classic&quot;}\">\n\t\t\t\t<div class=\"elementor-element elementor-element-4e441fe elementor-widget elementor-widget-text-editor\" data-id=\"4e441fe\" data-element_type=\"widget\" data-e-type=\"widget\" data-widget_type=\"text-editor.default\">\n\t\t\t\t<div class=\"elementor-widget-container\">\n\t\t\t\t\t\t\t\t\t<p>Wir freuen uns sehr \u00fcber Ihre Unterst\u00fctzung und heissen Sie herzlich willkommen.<\/p><p>Wenn Sie Fragen haben, bitte wenden Sie sich an: <a href=\"&#x6d;&#x61;&#x69;&#x6c;&#x74;&#111;&#58;&#102;&#114;eun&#x64;&#x65;&#x73;&#x6b;&#x72;&#x65;&#105;&#115;&#64;mig&#x77;&#x61;&#x6e;&#x2e;&#x63;&#x68;\">&#x66;&#114;&#101;&#x75;&#x6e;&#100;&#101;&#x73;&#x6b;&#114;&#101;&#x69;&#x73;&#64;&#109;&#x69;&#x67;&#119;&#97;&#x6e;&#x2e;&#99;&#104;<\/a><\/p><p><em><strong>Hinweis:<\/strong> Der Migwan-Vorstand entscheidet \u00fcber das Aufnahmegesuch und kann dies ohne Begr\u00fcndung ablehnen.<\/em><\/p>\t\t\t\t\t\t\t\t<\/div>\n\t\t\t\t<\/div>\n\t\t\t\t<\/div>\n\t\t\t\t<\/div>\n\t\t\t\t\t<\/div>\n\t\t\t\t<\/div>\n\t\t\t\t<\/div>\n\t\t","protected":false},"excerpt":{"rendered":"<p>NEU! Freundeskreis MIGWAN Aus Verbundenheit mit der Liberalen J\u00fcdischen Gemeinde in Basel \u00abFreundeskreis MIGWAN\u00bb richtet sich an alle Menschen, die ihre Solidarit\u00e4t mit liberalem j\u00fcdischem Leben zum Ausdruck bringen wollen, sowie an alle, die unsere kulturellen Veranstaltungen sch\u00e4tzen und besuchen. Folgende Angebote haben Sie als Mitglied im \u00abFreundeskreis MIGWAN\u00bb: Aufnahme in den Verteiler des Migwan-Newsletters [&hellip;]<\/p>\n","protected":false},"author":1,"featured_media":0,"parent":0,"menu_order":0,"comment_status":"closed","ping_status":"closed","template":"","meta":{"site-sidebar-layout":"no-sidebar","site-content-layout":"page-builder","ast-site-content-layout":"full-width-container","site-content-style":"unboxed","site-sidebar-style":"unboxed","ast-global-header-display":"","ast-banner-title-visibility":"","ast-main-header-display":"","ast-hfb-above-header-display":"","ast-hfb-below-header-display":"","ast-hfb-mobile-header-display":"","site-post-title":"disabled","ast-breadcrumbs-content":"disabled","ast-featured-img":"disabled","footer-sml-layout":"","ast-disable-related-posts":"","theme-transparent-header-meta":"disabled","adv-header-id-meta":"","stick-header-meta":"enabled","header-above-stick-meta":"disabled","header-main-stick-meta":"disabled","header-below-stick-meta":"disabled","astra-migrate-meta-layouts":"set","ast-page-background-enabled":"default","ast-page-background-meta":{"desktop":{"background-color":"","background-image":"","background-repeat":"repeat","background-position":"center center","background-size":"auto","background-attachment":"scroll","background-type":"","background-media":"","overlay-type":"","overlay-color":"","overlay-opacity":"","overlay-gradient":""},"tablet":{"background-color":"","background-image":"","background-repeat":"repeat","background-position":"center center","background-size":"auto","background-attachment":"scroll","background-type":"","background-media":"","overlay-type":"","overlay-color":"","overlay-opacity":"","overlay-gradient":""},"mobile":{"background-color":"","background-image":"","background-repeat":"repeat","background-position":"center center","background-size":"auto","background-attachment":"scroll","background-type":"","background-media":"","overlay-type":"","overlay-color":"","overlay-opacity":"","overlay-gradient":""}},"ast-content-background-meta":{"desktop":{"background-color":"var(--ast-global-color-5)","background-image":"","background-repeat":"repeat","background-position":"center center","background-size":"auto","background-attachment":"scroll","background-type":"","background-media":"","overlay-type":"","overlay-color":"","overlay-opacity":"","overlay-gradient":""},"tablet":{"background-color":"var(--ast-global-color-5)","background-image":"","background-repeat":"repeat","background-position":"center center","background-size":"auto","background-attachment":"scroll","background-type":"","background-media":"","overlay-type":"","overlay-color":"","overlay-opacity":"","overlay-gradient":""},"mobile":{"background-color":"var(--ast-global-color-5)","background-image":"","background-repeat":"repeat","background-position":"center center","background-size":"auto","background-attachment":"scroll","background-type":"","background-media":"","overlay-type":"","overlay-color":"","overlay-opacity":"","overlay-gradient":""}},"footnotes":""},"class_list":["post-14199","page","type-page","status-publish","hentry"],"yoast_head":"<!-- This site is optimized with the Yoast SEO plugin v27.3 - https:\/\/yoast.com\/product\/yoast-seo-wordpress\/ -->\n<title>Freundeskreis Migwan - Migwan<\/title>\n<meta name=\"robots\" content=\"index, follow, max-snippet:-1, max-image-preview:large, max-video-preview:-1\" \/>\n<link rel=\"canonical\" href=\"https:\/\/migwan.ch\/en\/freundeskreis-migwan\/\" \/>\n<meta property=\"og:locale\" content=\"en_GB\" \/>\n<meta property=\"og:type\" content=\"article\" \/>\n<meta property=\"og:title\" content=\"Freundeskreis Migwan - Migwan\" \/>\n<meta property=\"og:description\" content=\"NEU! Freundeskreis MIGWAN Aus Verbundenheit mit der Liberalen J\u00fcdischen Gemeinde in Basel \u00abFreundeskreis MIGWAN\u00bb richtet sich an alle Menschen, die ihre Solidarit\u00e4t mit liberalem j\u00fcdischem Leben zum Ausdruck bringen wollen, sowie an alle, die unsere kulturellen Veranstaltungen sch\u00e4tzen und besuchen. Folgende Angebote haben Sie als Mitglied im \u00abFreundeskreis MIGWAN\u00bb: Aufnahme in den Verteiler des Migwan-Newsletters [&hellip;]\" \/>\n<meta property=\"og:url\" content=\"https:\/\/migwan.ch\/en\/freundeskreis-migwan\/\" \/>\n<meta property=\"og:site_name\" content=\"Migwan\" \/>\n<meta property=\"article:publisher\" content=\"https:\/\/www.facebook.com\/people\/Migwan-Basel\/100064686969343\/\" \/>\n<meta property=\"article:modified_time\" content=\"2026-04-22T08:29:13+00:00\" \/>\n<meta name=\"twitter:card\" content=\"summary_large_image\" \/>\n<meta name=\"twitter:label1\" content=\"Estimated reading time\" \/>\n\t<meta name=\"twitter:data1\" content=\"1 minute\" \/>\n<script type=\"application\/ld+json\" class=\"yoast-schema-graph\">{\"@context\":\"https:\\\/\\\/schema.org\",\"@graph\":[{\"@type\":\"WebPage\",\"@id\":\"https:\\\/\\\/migwan.ch\\\/freundeskreis-migwan\\\/\",\"url\":\"https:\\\/\\\/migwan.ch\\\/freundeskreis-migwan\\\/\",\"name\":\"Freundeskreis Migwan - Migwan\",\"isPartOf\":{\"@id\":\"https:\\\/\\\/migwan.ch\\\/#website\"},\"datePublished\":\"2026-04-22T08:18:08+00:00\",\"dateModified\":\"2026-04-22T08:29:13+00:00\",\"breadcrumb\":{\"@id\":\"https:\\\/\\\/migwan.ch\\\/freundeskreis-migwan\\\/#breadcrumb\"},\"inLanguage\":\"en-GB\",\"potentialAction\":[{\"@type\":\"ReadAction\",\"target\":[\"https:\\\/\\\/migwan.ch\\\/freundeskreis-migwan\\\/\"]}]},{\"@type\":\"BreadcrumbList\",\"@id\":\"https:\\\/\\\/migwan.ch\\\/freundeskreis-migwan\\\/#breadcrumb\",\"itemListElement\":[{\"@type\":\"ListItem\",\"position\":1,\"name\":\"Startseite\",\"item\":\"https:\\\/\\\/migwan.ch\\\/\"},{\"@type\":\"ListItem\",\"position\":2,\"name\":\"Freundeskreis Migwan\"}]},{\"@type\":\"WebSite\",\"@id\":\"https:\\\/\\\/migwan.ch\\\/#website\",\"url\":\"https:\\\/\\\/migwan.ch\\\/\",\"name\":\"Migwan\",\"description\":\"Liberale J\u00fcdische Gemeinde Basel\",\"publisher\":{\"@id\":\"https:\\\/\\\/migwan.ch\\\/#organization\"},\"potentialAction\":[{\"@type\":\"SearchAction\",\"target\":{\"@type\":\"EntryPoint\",\"urlTemplate\":\"https:\\\/\\\/migwan.ch\\\/?s={search_term_string}\"},\"query-input\":{\"@type\":\"PropertyValueSpecification\",\"valueRequired\":true,\"valueName\":\"search_term_string\"}}],\"inLanguage\":\"en-GB\"},{\"@type\":\"Organization\",\"@id\":\"https:\\\/\\\/migwan.ch\\\/#organization\",\"name\":\"Migwan\",\"url\":\"https:\\\/\\\/migwan.ch\\\/\",\"logo\":{\"@type\":\"ImageObject\",\"inLanguage\":\"en-GB\",\"@id\":\"https:\\\/\\\/migwan.ch\\\/#\\\/schema\\\/logo\\\/image\\\/\",\"url\":\"https:\\\/\\\/migwan.ch\\\/wp-content\\\/uploads\\\/2024\\\/03\\\/Migwan_logo_menora_solo2-1.png\",\"contentUrl\":\"https:\\\/\\\/migwan.ch\\\/wp-content\\\/uploads\\\/2024\\\/03\\\/Migwan_logo_menora_solo2-1.png\",\"width\":4499,\"height\":887,\"caption\":\"Migwan\"},\"image\":{\"@id\":\"https:\\\/\\\/migwan.ch\\\/#\\\/schema\\\/logo\\\/image\\\/\"},\"sameAs\":[\"https:\\\/\\\/www.facebook.com\\\/people\\\/Migwan-Basel\\\/100064686969343\\\/\",\"https:\\\/\\\/www.instagram.com\\\/Migwan_Switzerland\\\/\"]}]}<\/script>\n<!-- \/ Yoast SEO plugin. -->","yoast_head_json":{"title":"Freundeskreis Migwan - Migwan","robots":{"index":"index","follow":"follow","max-snippet":"max-snippet:-1","max-image-preview":"max-image-preview:large","max-video-preview":"max-video-preview:-1"},"canonical":"https:\/\/migwan.ch\/en\/freundeskreis-migwan\/","og_locale":"en_GB","og_type":"article","og_title":"Freundeskreis Migwan - Migwan","og_description":"NEU! Freundeskreis MIGWAN Aus Verbundenheit mit der Liberalen J\u00fcdischen Gemeinde in Basel \u00abFreundeskreis MIGWAN\u00bb richtet sich an alle Menschen, die ihre Solidarit\u00e4t mit liberalem j\u00fcdischem Leben zum Ausdruck bringen wollen, sowie an alle, die unsere kulturellen Veranstaltungen sch\u00e4tzen und besuchen. Folgende Angebote haben Sie als Mitglied im \u00abFreundeskreis MIGWAN\u00bb: Aufnahme in den Verteiler des Migwan-Newsletters [&hellip;]","og_url":"https:\/\/migwan.ch\/en\/freundeskreis-migwan\/","og_site_name":"Migwan","article_publisher":"https:\/\/www.facebook.com\/people\/Migwan-Basel\/100064686969343\/","article_modified_time":"2026-04-22T08:29:13+00:00","twitter_card":"summary_large_image","twitter_misc":{"Estimated reading time":"1 minute"},"schema":{"@context":"https:\/\/schema.org","@graph":[{"@type":"WebPage","@id":"https:\/\/migwan.ch\/freundeskreis-migwan\/","url":"https:\/\/migwan.ch\/freundeskreis-migwan\/","name":"Freundeskreis Migwan - Migwan","isPartOf":{"@id":"https:\/\/migwan.ch\/#website"},"datePublished":"2026-04-22T08:18:08+00:00","dateModified":"2026-04-22T08:29:13+00:00","breadcrumb":{"@id":"https:\/\/migwan.ch\/freundeskreis-migwan\/#breadcrumb"},"inLanguage":"en-GB","potentialAction":[{"@type":"ReadAction","target":["https:\/\/migwan.ch\/freundeskreis-migwan\/"]}]},{"@type":"BreadcrumbList","@id":"https:\/\/migwan.ch\/freundeskreis-migwan\/#breadcrumb","itemListElement":[{"@type":"ListItem","position":1,"name":"Startseite","item":"https:\/\/migwan.ch\/"},{"@type":"ListItem","position":2,"name":"Freundeskreis Migwan"}]},{"@type":"WebSite","@id":"https:\/\/migwan.ch\/#website","url":"https:\/\/migwan.ch\/","name":"Migwan","description":"Liberal Jewish Community Basel","publisher":{"@id":"https:\/\/migwan.ch\/#organization"},"potentialAction":[{"@type":"SearchAction","target":{"@type":"EntryPoint","urlTemplate":"https:\/\/migwan.ch\/?s={search_term_string}"},"query-input":{"@type":"PropertyValueSpecification","valueRequired":true,"valueName":"search_term_string"}}],"inLanguage":"en-GB"},{"@type":"Organization","@id":"https:\/\/migwan.ch\/#organization","name":"Migwan","url":"https:\/\/migwan.ch\/","logo":{"@type":"ImageObject","inLanguage":"en-GB","@id":"https:\/\/migwan.ch\/#\/schema\/logo\/image\/","url":"https:\/\/migwan.ch\/wp-content\/uploads\/2024\/03\/Migwan_logo_menora_solo2-1.png","contentUrl":"https:\/\/migwan.ch\/wp-content\/uploads\/2024\/03\/Migwan_logo_menora_solo2-1.png","width":4499,"height":887,"caption":"Migwan"},"image":{"@id":"https:\/\/migwan.ch\/#\/schema\/logo\/image\/"},"sameAs":["https:\/\/www.facebook.com\/people\/Migwan-Basel\/100064686969343\/","https:\/\/www.instagram.com\/Migwan_Switzerland\/"]}]}},"_links":{"self":[{"href":"https:\/\/migwan.ch\/en\/wp-json\/wp\/v2\/pages\/14199","targetHints":{"allow":["GET"]}}],"collection":[{"href":"https:\/\/migwan.ch\/en\/wp-json\/wp\/v2\/pages"}],"about":[{"href":"https:\/\/migwan.ch\/en\/wp-json\/wp\/v2\/types\/page"}],"author":[{"embeddable":true,"href":"https:\/\/migwan.ch\/en\/wp-json\/wp\/v2\/users\/1"}],"replies":[{"embeddable":true,"href":"https:\/\/migwan.ch\/en\/wp-json\/wp\/v2\/comments?post=14199"}],"version-history":[{"count":10,"href":"https:\/\/migwan.ch\/en\/wp-json\/wp\/v2\/pages\/14199\/revisions"}],"predecessor-version":[{"id":14230,"href":"https:\/\/migwan.ch\/en\/wp-json\/wp\/v2\/pages\/14199\/revisions\/14230"}],"wp:attachment":[{"href":"https:\/\/migwan.ch\/en\/wp-json\/wp\/v2\/media?parent=14199"}],"curies":[{"name":"wp","href":"https:\/\/api.w.org\/{rel}","templated":true}]}}