{"id":6,"date":"2020-07-14T09:54:39","date_gmt":"2020-07-14T09:54:39","guid":{"rendered":"http:\/\/www.migwan.ch\/neu\/index.php\/home\/"},"modified":"2025-10-16T21:55:26","modified_gmt":"2025-10-16T19:55:26","slug":"home","status":"publish","type":"page","link":"https:\/\/migwan.ch\/en\/","title":{"rendered":"Home"},"content":{"rendered":"<div data-elementor-type=\"wp-page\" data-elementor-id=\"6\" class=\"elementor elementor-6\" data-elementor-post-type=\"page\">\n\t\t\t\t<div data-particle_enable=\"false\" data-particle-mobile-disabled=\"false\" class=\"elementor-element elementor-element-d944a3e e-flex e-con-boxed e-con e-parent\" data-id=\"d944a3e\" data-element_type=\"container\" data-e-type=\"container\">\n\t\t\t\t\t<div class=\"e-con-inner\">\n\t\t\t\t<div class=\"elementor-element elementor-element-1e88394 elementor-widget elementor-widget-heading\" data-id=\"1e88394\" data-element_type=\"widget\" data-e-type=\"widget\" data-widget_type=\"heading.default\">\n\t\t\t\t<div class=\"elementor-widget-container\">\n\t\t\t\t\t<h1 class=\"elementor-heading-title elementor-size-default\">Welcome<\/h1>\t\t\t\t<\/div>\n\t\t\t\t<\/div>\n\t\t\t\t\t<\/div>\n\t\t\t\t<\/div>\n\t\t<div data-particle_enable=\"false\" data-particle-mobile-disabled=\"false\" class=\"elementor-element elementor-element-61ba23f e-flex e-con-boxed e-con e-parent\" data-id=\"61ba23f\" data-element_type=\"container\" data-e-type=\"container\">\n\t\t\t\t\t<div class=\"e-con-inner\">\n\t\t<div data-particle_enable=\"false\" data-particle-mobile-disabled=\"false\" class=\"elementor-element elementor-element-942540d e-flex e-con-boxed e-con e-child\" data-id=\"942540d\" data-element_type=\"container\" data-e-type=\"container\">\n\t\t\t\t\t<div class=\"e-con-inner\">\n\t\t\t\t<div class=\"elementor-element elementor-element-0913e7c elementor-widget elementor-widget-text-editor\" data-id=\"0913e7c\" data-element_type=\"widget\" data-e-type=\"widget\" data-widget_type=\"text-editor.default\">\n\t\t\t\t<div class=\"elementor-widget-container\">\n\t\t\t\t\t\t\t\t\t<p>\u00a0<\/p><p>Migwan is the liberal Jewish community in the Basel region and a member of the <a href=\"http:\/\/www.liberaljews.ch\" target=\"_blank\" rel=\"noopener\">Platform of liberal Jews in Switzerland<\/a>.<\/p><p>In Hebrew, Migwan means diversity. Bring in your ideas. You are welcome to contact our <a href=\"https:\/\/www.migwan.ch\/en\/contact\/\">Board of Directors.<\/a><\/p><p>We are a centre for religious and cultural Jewish life. We organize services on Shabbat and Jewish holidays. We endeavour to create a warm, Jewish atmosphere. Services are held in Hebrew, German and English. We are an educational and cultural community and offer religious instruction and cultural events for all ages.<\/p><p>Migwan Statutes ( in German only):<\/p><p><a href=\"https:\/\/migwan.ch\/wp-content\/uploads\/2025\/05\/Statuten-Migwan-Basel-Stand-13.Maerz-2025.pdf\">Statutes Migwan Basel, (only in German):<\/a><\/p><h2>\u00a0<\/h2><h2>\u00a0<\/h2><h2>Our principle:<\/h2><p style=\"text-align: right;\"><span style=\"color: #000000;\"><strong>\u00a0<\/strong><\/span><\/p><p><strong>KULANU:\u00a0 <\/strong><\/p><p>We are a committed Jewish community. Together, we stand up for each other and for the global community.<\/p><p><strong>CHESED: \u00a0 <\/strong><\/p><p>Friendliness and kindness are our top priorities.<\/p><p><strong>TIKUN OLAM: \u00a0 <\/strong><\/p><p>We try to improve the world around us through social action and tzedakah.<\/p><p><strong>BRUCHIM HABAIM: \u00a0 <\/strong><\/p><p>We accept all Jewish people. We also welcome interfaith families to our community to pray and learn with us.<\/p><h2>\u00a0<\/h2>\t\t\t\t\t\t\t\t<\/div>\n\t\t\t\t<\/div>\n\t\t\t\t\t<\/div>\n\t\t\t\t<\/div>\n\t\t\t\t\t<\/div>\n\t\t\t\t<\/div>\n\t\t<div data-particle_enable=\"false\" data-particle-mobile-disabled=\"false\" class=\"elementor-element elementor-element-89450b0 e-flex e-con-boxed e-con e-parent\" data-id=\"89450b0\" data-element_type=\"container\" data-e-type=\"container\">\n\t\t\t\t\t<div class=\"e-con-inner\">\n\t\t\t\t\t<\/div>\n\t\t\t\t<\/div>\n\t\t<div data-particle_enable=\"false\" data-particle-mobile-disabled=\"false\" class=\"elementor-element elementor-element-0987c74 e-flex e-con-boxed e-con e-parent\" data-id=\"0987c74\" data-element_type=\"container\" data-e-type=\"container\">\n\t\t\t\t\t<div class=\"e-con-inner\">\n\t\t\t\t\t<\/div>\n\t\t\t\t<\/div>\n\t\t<div data-particle_enable=\"false\" data-particle-mobile-disabled=\"false\" class=\"elementor-element elementor-element-94ca6b6 e-flex e-con-boxed e-con e-parent\" data-id=\"94ca6b6\" data-element_type=\"container\" data-e-type=\"container\">\n\t\t\t\t\t<div class=\"e-con-inner\">\n\t\t\t\t\t<\/div>\n\t\t\t\t<\/div>\n\t\t<div data-particle_enable=\"false\" data-particle-mobile-disabled=\"false\" class=\"elementor-element elementor-element-277f557 e-flex e-con-boxed e-con e-parent\" data-id=\"277f557\" data-element_type=\"container\" data-e-type=\"container\">\n\t\t\t\t\t<div class=\"e-con-inner\">\n\t\t\t\t\t<\/div>\n\t\t\t\t<\/div>\n\t\t<div data-particle_enable=\"false\" data-particle-mobile-disabled=\"false\" class=\"elementor-element elementor-element-a213867 e-flex e-con-boxed e-con e-parent\" data-id=\"a213867\" data-element_type=\"container\" data-e-type=\"container\">\n\t\t\t\t\t<div class=\"e-con-inner\">\n\t\t\t\t\t<\/div>\n\t\t\t\t<\/div>\n\t\t\t\t<\/div>","protected":false},"excerpt":{"rendered":"<p>Willkommen \u00a0 Migwan ist die Liberale J\u00fcdische Gemeinde in der Region Basel und Mitglied der Plattform der liberalen Juden der Schweiz. Im hebr\u00e4ischen bedeutet Migwan Vielfalt. Bringen Sie Ihre Ideen ein. Dazu kontaktieren Sie gerne unseren Vorstand. Wir sind ein Zentrum f\u00fcr religi\u00f6ses und kulturelles j\u00fcdisches Leben. Wir f\u00fchren Gottesdienste an Schabbat und den j\u00fcdischen [&hellip;]<\/p>\n","protected":false},"author":1,"featured_media":0,"parent":0,"menu_order":0,"comment_status":"closed","ping_status":"closed","template":"","meta":{"site-sidebar-layout":"no-sidebar","site-content-layout":"page-builder","ast-site-content-layout":"full-width-container","site-content-style":"unboxed","site-sidebar-style":"unboxed","ast-global-header-display":"","ast-banner-title-visibility":"","ast-main-header-display":"","ast-hfb-above-header-display":"","ast-hfb-below-header-display":"","ast-hfb-mobile-header-display":"","site-post-title":"disabled","ast-breadcrumbs-content":"disabled","ast-featured-img":"disabled","footer-sml-layout":"","ast-disable-related-posts":"","theme-transparent-header-meta":"disabled","adv-header-id-meta":"","stick-header-meta":"enabled","header-above-stick-meta":"disabled","header-main-stick-meta":"disabled","header-below-stick-meta":"disabled","astra-migrate-meta-layouts":"set","ast-page-background-enabled":"default","ast-page-background-meta":{"desktop":{"background-color":"","background-image":"","background-repeat":"repeat","background-position":"center center","background-size":"auto","background-attachment":"scroll","background-type":"","background-media":"","overlay-type":"","overlay-color":"","overlay-opacity":"","overlay-gradient":""},"tablet":{"background-color":"","background-image":"","background-repeat":"repeat","background-position":"center center","background-size":"auto","background-attachment":"scroll","background-type":"","background-media":"","overlay-type":"","overlay-color":"","overlay-opacity":"","overlay-gradient":""},"mobile":{"background-color":"","background-image":"","background-repeat":"repeat","background-position":"center center","background-size":"auto","background-attachment":"scroll","background-type":"","background-media":"","overlay-type":"","overlay-color":"","overlay-opacity":"","overlay-gradient":""}},"ast-content-background-meta":{"desktop":{"background-color":"var(--ast-global-color-5)","background-image":"","background-repeat":"repeat","background-position":"center center","background-size":"auto","background-attachment":"scroll","background-type":"","background-media":"","overlay-type":"","overlay-color":"","overlay-opacity":"","overlay-gradient":""},"tablet":{"background-color":"var(--ast-global-color-5)","background-image":"","background-repeat":"repeat","background-position":"center center","background-size":"auto","background-attachment":"scroll","background-type":"","background-media":"","overlay-type":"","overlay-color":"","overlay-opacity":"","overlay-gradient":""},"mobile":{"background-color":"var(--ast-global-color-5)","background-image":"","background-repeat":"repeat","background-position":"center center","background-size":"auto","background-attachment":"scroll","background-type":"","background-media":"","overlay-type":"","overlay-color":"","overlay-opacity":"","overlay-gradient":""}},"footnotes":""},"class_list":["post-6","page","type-page","status-publish","hentry"],"yoast_head":"<!-- This site is optimized with the Yoast SEO plugin v27.3 - https:\/\/yoast.com\/product\/yoast-seo-wordpress\/ -->\n<title>Home - Migwan<\/title>\n<meta name=\"robots\" content=\"index, follow, max-snippet:-1, max-image-preview:large, max-video-preview:-1\" \/>\n<link rel=\"canonical\" href=\"https:\/\/migwan.ch\/en\/\" \/>\n<meta property=\"og:locale\" content=\"en_GB\" \/>\n<meta property=\"og:type\" content=\"article\" \/>\n<meta property=\"og:title\" content=\"Home - Migwan\" \/>\n<meta property=\"og:description\" content=\"Willkommen \u00a0 Migwan ist die Liberale J\u00fcdische Gemeinde in der Region Basel und Mitglied der Plattform der liberalen Juden der Schweiz. Im hebr\u00e4ischen bedeutet Migwan Vielfalt. Bringen Sie Ihre Ideen ein. Dazu kontaktieren Sie gerne unseren Vorstand. Wir sind ein Zentrum f\u00fcr religi\u00f6ses und kulturelles j\u00fcdisches Leben. Wir f\u00fchren Gottesdienste an Schabbat und den j\u00fcdischen [&hellip;]\" \/>\n<meta property=\"og:url\" content=\"https:\/\/migwan.ch\/en\/\" \/>\n<meta property=\"og:site_name\" content=\"Migwan\" \/>\n<meta property=\"article:publisher\" content=\"https:\/\/www.facebook.com\/people\/Migwan-Basel\/100064686969343\/\" \/>\n<meta property=\"article:modified_time\" content=\"2025-10-16T19:55:26+00:00\" \/>\n<meta name=\"twitter:card\" content=\"summary_large_image\" \/>\n<meta name=\"twitter:label1\" content=\"Estimated reading time\" \/>\n\t<meta name=\"twitter:data1\" content=\"1 minute\" \/>\n<script type=\"application\/ld+json\" class=\"yoast-schema-graph\">{\"@context\":\"https:\\\/\\\/schema.org\",\"@graph\":[{\"@type\":\"WebPage\",\"@id\":\"https:\\\/\\\/migwan.ch\\\/\",\"url\":\"https:\\\/\\\/migwan.ch\\\/\",\"name\":\"Home - Migwan\",\"isPartOf\":{\"@id\":\"https:\\\/\\\/migwan.ch\\\/#website\"},\"datePublished\":\"2020-07-14T09:54:39+00:00\",\"dateModified\":\"2025-10-16T19:55:26+00:00\",\"breadcrumb\":{\"@id\":\"https:\\\/\\\/migwan.ch\\\/#breadcrumb\"},\"inLanguage\":\"en-GB\",\"potentialAction\":[{\"@type\":\"ReadAction\",\"target\":[\"https:\\\/\\\/migwan.ch\\\/\"]}]},{\"@type\":\"BreadcrumbList\",\"@id\":\"https:\\\/\\\/migwan.ch\\\/#breadcrumb\",\"itemListElement\":[{\"@type\":\"ListItem\",\"position\":1,\"name\":\"Startseite\",\"item\":\"https:\\\/\\\/migwan.ch\\\/\"},{\"@type\":\"ListItem\",\"position\":2,\"name\":\"Home\"}]},{\"@type\":\"WebSite\",\"@id\":\"https:\\\/\\\/migwan.ch\\\/#website\",\"url\":\"https:\\\/\\\/migwan.ch\\\/\",\"name\":\"Migwan\",\"description\":\"Liberale J\u00fcdische Gemeinde Basel\",\"publisher\":{\"@id\":\"https:\\\/\\\/migwan.ch\\\/#organization\"},\"potentialAction\":[{\"@type\":\"SearchAction\",\"target\":{\"@type\":\"EntryPoint\",\"urlTemplate\":\"https:\\\/\\\/migwan.ch\\\/?s={search_term_string}\"},\"query-input\":{\"@type\":\"PropertyValueSpecification\",\"valueRequired\":true,\"valueName\":\"search_term_string\"}}],\"inLanguage\":\"en-GB\"},{\"@type\":\"Organization\",\"@id\":\"https:\\\/\\\/migwan.ch\\\/#organization\",\"name\":\"Migwan\",\"url\":\"https:\\\/\\\/migwan.ch\\\/\",\"logo\":{\"@type\":\"ImageObject\",\"inLanguage\":\"en-GB\",\"@id\":\"https:\\\/\\\/migwan.ch\\\/#\\\/schema\\\/logo\\\/image\\\/\",\"url\":\"https:\\\/\\\/migwan.ch\\\/wp-content\\\/uploads\\\/2024\\\/03\\\/Migwan_logo_menora_solo2-1.png\",\"contentUrl\":\"https:\\\/\\\/migwan.ch\\\/wp-content\\\/uploads\\\/2024\\\/03\\\/Migwan_logo_menora_solo2-1.png\",\"width\":4499,\"height\":887,\"caption\":\"Migwan\"},\"image\":{\"@id\":\"https:\\\/\\\/migwan.ch\\\/#\\\/schema\\\/logo\\\/image\\\/\"},\"sameAs\":[\"https:\\\/\\\/www.facebook.com\\\/people\\\/Migwan-Basel\\\/100064686969343\\\/\",\"https:\\\/\\\/www.instagram.com\\\/Migwan_Switzerland\\\/\"]}]}<\/script>\n<!-- \/ Yoast SEO plugin. -->","yoast_head_json":{"title":"Home - Migwan","robots":{"index":"index","follow":"follow","max-snippet":"max-snippet:-1","max-image-preview":"max-image-preview:large","max-video-preview":"max-video-preview:-1"},"canonical":"https:\/\/migwan.ch\/en\/","og_locale":"en_GB","og_type":"article","og_title":"Home - Migwan","og_description":"Willkommen \u00a0 Migwan ist die Liberale J\u00fcdische Gemeinde in der Region Basel und Mitglied der Plattform der liberalen Juden der Schweiz. Im hebr\u00e4ischen bedeutet Migwan Vielfalt. Bringen Sie Ihre Ideen ein. Dazu kontaktieren Sie gerne unseren Vorstand. Wir sind ein Zentrum f\u00fcr religi\u00f6ses und kulturelles j\u00fcdisches Leben. Wir f\u00fchren Gottesdienste an Schabbat und den j\u00fcdischen [&hellip;]","og_url":"https:\/\/migwan.ch\/en\/","og_site_name":"Migwan","article_publisher":"https:\/\/www.facebook.com\/people\/Migwan-Basel\/100064686969343\/","article_modified_time":"2025-10-16T19:55:26+00:00","twitter_card":"summary_large_image","twitter_misc":{"Estimated reading time":"1 minute"},"schema":{"@context":"https:\/\/schema.org","@graph":[{"@type":"WebPage","@id":"https:\/\/migwan.ch\/","url":"https:\/\/migwan.ch\/","name":"Home - Migwan","isPartOf":{"@id":"https:\/\/migwan.ch\/#website"},"datePublished":"2020-07-14T09:54:39+00:00","dateModified":"2025-10-16T19:55:26+00:00","breadcrumb":{"@id":"https:\/\/migwan.ch\/#breadcrumb"},"inLanguage":"en-GB","potentialAction":[{"@type":"ReadAction","target":["https:\/\/migwan.ch\/"]}]},{"@type":"BreadcrumbList","@id":"https:\/\/migwan.ch\/#breadcrumb","itemListElement":[{"@type":"ListItem","position":1,"name":"Startseite","item":"https:\/\/migwan.ch\/"},{"@type":"ListItem","position":2,"name":"Home"}]},{"@type":"WebSite","@id":"https:\/\/migwan.ch\/#website","url":"https:\/\/migwan.ch\/","name":"Migwan","description":"Liberal Jewish Community Basel","publisher":{"@id":"https:\/\/migwan.ch\/#organization"},"potentialAction":[{"@type":"SearchAction","target":{"@type":"EntryPoint","urlTemplate":"https:\/\/migwan.ch\/?s={search_term_string}"},"query-input":{"@type":"PropertyValueSpecification","valueRequired":true,"valueName":"search_term_string"}}],"inLanguage":"en-GB"},{"@type":"Organization","@id":"https:\/\/migwan.ch\/#organization","name":"Migwan","url":"https:\/\/migwan.ch\/","logo":{"@type":"ImageObject","inLanguage":"en-GB","@id":"https:\/\/migwan.ch\/#\/schema\/logo\/image\/","url":"https:\/\/migwan.ch\/wp-content\/uploads\/2024\/03\/Migwan_logo_menora_solo2-1.png","contentUrl":"https:\/\/migwan.ch\/wp-content\/uploads\/2024\/03\/Migwan_logo_menora_solo2-1.png","width":4499,"height":887,"caption":"Migwan"},"image":{"@id":"https:\/\/migwan.ch\/#\/schema\/logo\/image\/"},"sameAs":["https:\/\/www.facebook.com\/people\/Migwan-Basel\/100064686969343\/","https:\/\/www.instagram.com\/Migwan_Switzerland\/"]}]}},"_links":{"self":[{"href":"https:\/\/migwan.ch\/en\/wp-json\/wp\/v2\/pages\/6","targetHints":{"allow":["GET"]}}],"collection":[{"href":"https:\/\/migwan.ch\/en\/wp-json\/wp\/v2\/pages"}],"about":[{"href":"https:\/\/migwan.ch\/en\/wp-json\/wp\/v2\/types\/page"}],"author":[{"embeddable":true,"href":"https:\/\/migwan.ch\/en\/wp-json\/wp\/v2\/users\/1"}],"replies":[{"embeddable":true,"href":"https:\/\/migwan.ch\/en\/wp-json\/wp\/v2\/comments?post=6"}],"version-history":[{"count":0,"href":"https:\/\/migwan.ch\/en\/wp-json\/wp\/v2\/pages\/6\/revisions"}],"wp:attachment":[{"href":"https:\/\/migwan.ch\/en\/wp-json\/wp\/v2\/media?parent=6"}],"curies":[{"name":"wp","href":"https:\/\/api.w.org\/{rel}","templated":true}]}}