{"id":9425,"date":"2024-01-10T14:30:54","date_gmt":"2024-01-10T13:30:54","guid":{"rendered":"https:\/\/www.migwan.ch\/neu2\/?page_id=9425"},"modified":"2024-01-25T10:43:15","modified_gmt":"2024-01-25T09:43:15","slug":"imprint","status":"publish","type":"page","link":"https:\/\/migwan.ch\/en\/imprint\/","title":{"rendered":"Imprint"},"content":{"rendered":"<div data-elementor-type=\"wp-page\" data-elementor-id=\"9425\" class=\"elementor elementor-9425\" data-elementor-post-type=\"page\">\n\t\t\t\t<div data-particle_enable=\"false\" data-particle-mobile-disabled=\"false\" class=\"elementor-element elementor-element-d944a3e e-flex e-con-boxed e-con e-parent\" data-id=\"d944a3e\" data-element_type=\"container\">\n\t\t\t\t\t<div class=\"e-con-inner\">\n\t\t\t\t<div class=\"elementor-element elementor-element-1e88394 elementor-widget elementor-widget-heading\" data-id=\"1e88394\" data-element_type=\"widget\" data-widget_type=\"heading.default\">\n\t\t\t\t<div class=\"elementor-widget-container\">\n\t\t\t\t\t<h1 class=\"elementor-heading-title elementor-size-default\">Imprint<\/h1>\t\t\t\t<\/div>\n\t\t\t\t<\/div>\n\t\t\t\t\t<\/div>\n\t\t\t\t<\/div>\n\t\t<div data-particle_enable=\"false\" data-particle-mobile-disabled=\"false\" class=\"elementor-element elementor-element-bc238aa e-flex e-con-boxed e-con e-parent\" data-id=\"bc238aa\" data-element_type=\"container\">\n\t\t\t\t\t<div class=\"e-con-inner\">\n\t\t\t\t<div class=\"elementor-element elementor-element-372048b elementor-widget elementor-widget-text-editor\" data-id=\"372048b\" data-element_type=\"widget\" data-widget_type=\"text-editor.default\">\n\t\t\t\t<div class=\"elementor-widget-container\">\n\t\t\t\t\t\t\t\t\t<p><strong>Contact address<\/strong><br \/>Migwan<br \/>Herrengrabenweg 50<br \/>4054 Basel<br \/><a href=\"\/en\/&\/#109;&#x61;&#x69;l&#116;&#x6f;:&#105;&#x6e;f&#111;&#x40;m&#105;&#x67;&#x77;&#97;&#x6e;&#x2e;c&#104;\">info@migwan.ch<\/a><br \/><a href=\"tel:0615430150\">061 543 01 50<\/a><\/p><p><strong>Webmastering &amp; Editing<\/strong><br \/>Migwan, Esther Berns<\/p><p><strong>Concept &amp; Design<\/strong><br \/>The concept and design was realised by Masterhomepage GmbH.<\/p><p><strong>Copyright<\/strong><br \/>The copyright of the concept, the images\/photos and the textual content is owned by Migwan.<\/p><p><strong>Limitation of liability<br \/><\/strong>By using this website, you accept the following terms and conditions.<\/p><p>We have created this website with the greatest possible care. However, we assume no liability for the correctness, completeness, accuracy and topicality of the content provided on this website. Nor do we accept any liability for the quality of the content that is passed on or downloaded via this website. We reserve the right to change, supplement or delete parts of the website or the entire website without prior notice.<\/p><p><strong>Copyright and neighbouring rights<br \/><\/strong>All content published on this website is subject to copyright and ancillary copyright. The content of this website may only be used with prior written consent and with reference to the copyright. This applies in particular to the duplication, editing, translation, storage, processing or reproduction of content in databases or other electronic media and systems. Third-party content and rights are labelled as such.<\/p><p><strong>External links<br \/><\/strong>This website contains links to \"external links\" (third-party websites). These websites are subject to the liability of the respective operators. We have no influence on the current and future design and content of the linked pages, and the corresponding external links will be deleted immediately if we become aware of any legal violations.<\/p><p>Users of external links must be aware that the operators of linked websites may record and collect personal data (including information generated through the use of cookies) as soon as their websites are visited.<\/p><p>We assume no responsibility for how such operators collect, use or disclose personal data.<\/p>\t\t\t\t\t\t\t\t<\/div>\n\t\t\t\t<\/div>\n\t\t\t\t\t<\/div>\n\t\t\t\t<\/div>\n\t\t\t\t<\/div>","protected":false},"excerpt":{"rendered":"<p>Impressum KontaktadresseMigwanHerrengrabenweg 504054 Basel&#x69;&#x6e;&#x66;&#x6f;&#64;&#109;&#105;&#103;wan&#x2e;&#x63;&#x68;061 543 01 50 Webmastering &amp; RedaktionMigwan, Esther Berns Konzept &amp; DesignDas Konzept und Design wurde durch Masterhomepage GmbH realisiert. CopyrightDas Copyright des Konzepts, der Bilder\/Fotos und der textlichen Inhalte liegen bei Migwan. Haftungsbeschr\u00e4nkungMit der Nutzung dieser Website akzeptieren Sie die nachfolgenden Bedingungen. Wir haben diese Website mit gr\u00f6sstm\u00f6glicher Sorgfalt erstellt. Wir [&hellip;]<\/p>","protected":false},"author":1,"featured_media":0,"parent":0,"menu_order":0,"comment_status":"closed","ping_status":"closed","template":"","meta":{"site-sidebar-layout":"no-sidebar","site-content-layout":"page-builder","ast-site-content-layout":"full-width-container","site-content-style":"unboxed","site-sidebar-style":"unboxed","ast-global-header-display":"","ast-banner-title-visibility":"","ast-main-header-display":"","ast-hfb-above-header-display":"","ast-hfb-below-header-display":"","ast-hfb-mobile-header-display":"","site-post-title":"disabled","ast-breadcrumbs-content":"disabled","ast-featured-img":"","footer-sml-layout":"","ast-disable-related-posts":"","theme-transparent-header-meta":"disabled","adv-header-id-meta":"","stick-header-meta":"enabled","header-above-stick-meta":"disabled","header-main-stick-meta":"disabled","header-below-stick-meta":"disabled","astra-migrate-meta-layouts":"set","ast-page-background-enabled":"default","ast-page-background-meta":{"desktop":{"background-color":"","background-image":"","background-repeat":"repeat","background-position":"center center","background-size":"auto","background-attachment":"scroll","background-type":"","background-media":"","overlay-type":"","overlay-color":"","overlay-opacity":"","overlay-gradient":""},"tablet":{"background-color":"","background-image":"","background-repeat":"repeat","background-position":"center center","background-size":"auto","background-attachment":"scroll","background-type":"","background-media":"","overlay-type":"","overlay-color":"","overlay-opacity":"","overlay-gradient":""},"mobile":{"background-color":"","background-image":"","background-repeat":"repeat","background-position":"center center","background-size":"auto","background-attachment":"scroll","background-type":"","background-media":"","overlay-type":"","overlay-color":"","overlay-opacity":"","overlay-gradient":""}},"ast-content-background-meta":{"desktop":{"background-color":"var(--ast-global-color-5)","background-image":"","background-repeat":"repeat","background-position":"center center","background-size":"auto","background-attachment":"scroll","background-type":"","background-media":"","overlay-type":"","overlay-color":"","overlay-opacity":"","overlay-gradient":""},"tablet":{"background-color":"var(--ast-global-color-5)","background-image":"","background-repeat":"repeat","background-position":"center center","background-size":"auto","background-attachment":"scroll","background-type":"","background-media":"","overlay-type":"","overlay-color":"","overlay-opacity":"","overlay-gradient":""},"mobile":{"background-color":"var(--ast-global-color-5)","background-image":"","background-repeat":"repeat","background-position":"center center","background-size":"auto","background-attachment":"scroll","background-type":"","background-media":"","overlay-type":"","overlay-color":"","overlay-opacity":"","overlay-gradient":""}},"footnotes":""},"class_list":["post-9425","page","type-page","status-publish","hentry"],"yoast_head":"<!-- This site is optimized with the Yoast SEO plugin v26.8 - https:\/\/yoast.com\/product\/yoast-seo-wordpress\/ -->\n<title>Impressum - Migwan<\/title>\n<meta name=\"robots\" content=\"index, follow, max-snippet:-1, max-image-preview:large, max-video-preview:-1\" \/>\n<link rel=\"canonical\" href=\"https:\/\/migwan.ch\/en\/imprint\/\" \/>\n<meta property=\"og:locale\" content=\"en_GB\" \/>\n<meta property=\"og:type\" content=\"article\" \/>\n<meta property=\"og:title\" content=\"Impressum - Migwan\" \/>\n<meta property=\"og:description\" content=\"Impressum KontaktadresseMigwanHerrengrabenweg 504054 Basel&#x69;n&#x66;&#111;&#x40;&#109;i&#x67;&#119;&#x61;&#110;&#046;&#x63;&#104;061 543 01 50 Webmastering &amp; RedaktionMigwan, Esther Berns Konzept &amp; DesignDas Konzept und Design wurde durch Masterhomepage GmbH realisiert. CopyrightDas Copyright des Konzepts, der Bilder\/Fotos und der textlichen Inhalte liegen bei Migwan. Haftungsbeschr\u00e4nkungMit der Nutzung dieser Website akzeptieren Sie die nachfolgenden Bedingungen. Wir haben diese Website mit gr\u00f6sstm\u00f6glicher Sorgfalt erstellt. Wir [&hellip;]\" \/>\n<meta property=\"og:url\" content=\"https:\/\/migwan.ch\/en\/imprint\/\" \/>\n<meta property=\"og:site_name\" content=\"Migwan\" \/>\n<meta property=\"article:publisher\" content=\"https:\/\/www.facebook.com\/people\/Migwan-Basel\/100064686969343\/\" \/>\n<meta property=\"article:modified_time\" content=\"2024-01-25T09:43:15+00:00\" \/>\n<meta name=\"twitter:card\" content=\"summary_large_image\" \/>\n<meta name=\"twitter:label1\" content=\"Estimated reading time\" \/>\n\t<meta name=\"twitter:data1\" content=\"4 minutes\" \/>\n<script type=\"application\/ld+json\" class=\"yoast-schema-graph\">{\"@context\":\"https:\/\/schema.org\",\"@graph\":[{\"@type\":\"WebPage\",\"@id\":\"https:\/\/migwan.ch\/impressum\/\",\"url\":\"https:\/\/migwan.ch\/impressum\/\",\"name\":\"Impressum - Migwan\",\"isPartOf\":{\"@id\":\"https:\/\/migwan.ch\/#website\"},\"datePublished\":\"2024-01-10T13:30:54+00:00\",\"dateModified\":\"2024-01-25T09:43:15+00:00\",\"breadcrumb\":{\"@id\":\"https:\/\/migwan.ch\/impressum\/#breadcrumb\"},\"inLanguage\":\"en-GB\",\"potentialAction\":[{\"@type\":\"ReadAction\",\"target\":[\"https:\/\/migwan.ch\/impressum\/\"]}]},{\"@type\":\"BreadcrumbList\",\"@id\":\"https:\/\/migwan.ch\/impressum\/#breadcrumb\",\"itemListElement\":[{\"@type\":\"ListItem\",\"position\":1,\"name\":\"Startseite\",\"item\":\"https:\/\/migwan.ch\/\"},{\"@type\":\"ListItem\",\"position\":2,\"name\":\"Impressum\"}]},{\"@type\":\"WebSite\",\"@id\":\"https:\/\/migwan.ch\/#website\",\"url\":\"https:\/\/migwan.ch\/\",\"name\":\"Migwan\",\"description\":\"Liberale J\u00fcdische Gemeinde Basel\",\"publisher\":{\"@id\":\"https:\/\/migwan.ch\/#organization\"},\"potentialAction\":[{\"@type\":\"SearchAction\",\"target\":{\"@type\":\"EntryPoint\",\"urlTemplate\":\"https:\/\/migwan.ch\/?s={search_term_string}\"},\"query-input\":{\"@type\":\"PropertyValueSpecification\",\"valueRequired\":true,\"valueName\":\"search_term_string\"}}],\"inLanguage\":\"en-GB\"},{\"@type\":\"Organization\",\"@id\":\"https:\/\/migwan.ch\/#organization\",\"name\":\"Migwan\",\"url\":\"https:\/\/migwan.ch\/\",\"logo\":{\"@type\":\"ImageObject\",\"inLanguage\":\"en-GB\",\"@id\":\"https:\/\/migwan.ch\/#\/schema\/logo\/image\/\",\"url\":\"https:\/\/migwan.ch\/wp-content\/uploads\/2024\/03\/Migwan_logo_menora_solo2-1.png\",\"contentUrl\":\"https:\/\/migwan.ch\/wp-content\/uploads\/2024\/03\/Migwan_logo_menora_solo2-1.png\",\"width\":4499,\"height\":887,\"caption\":\"Migwan\"},\"image\":{\"@id\":\"https:\/\/migwan.ch\/#\/schema\/logo\/image\/\"},\"sameAs\":[\"https:\/\/www.facebook.com\/people\/Migwan-Basel\/100064686969343\/\",\"https:\/\/www.instagram.com\/Migwan_Switzerland\/\"]}]}<\/script>\n<!-- \/ Yoast SEO plugin. -->","yoast_head_json":{"title":"Imprint - Migwan","robots":{"index":"index","follow":"follow","max-snippet":"max-snippet:-1","max-image-preview":"max-image-preview:large","max-video-preview":"max-video-preview:-1"},"canonical":"https:\/\/migwan.ch\/en\/imprint\/","og_locale":"en_GB","og_type":"article","og_title":"Impressum - Migwan","og_description":"Impressum KontaktadresseMigwanHerrengrabenweg 504054 Basel&#x69;n&#x66;&#111;&#x40;&#109;i&#x67;&#119;&#x61;&#110;&#46;&#x63;&#104;061 543 01 50 Webmastering &amp; RedaktionMigwan, Esther Berns Konzept &amp; DesignDas Konzept und Design wurde durch Masterhomepage GmbH realisiert. CopyrightDas Copyright des Konzepts, der Bilder\/Fotos und der textlichen Inhalte liegen bei Migwan. Haftungsbeschr\u00e4nkungMit der Nutzung dieser Website akzeptieren Sie die nachfolgenden Bedingungen. Wir haben diese Website mit gr\u00f6sstm\u00f6glicher Sorgfalt erstellt. Wir [&hellip;]","og_url":"https:\/\/migwan.ch\/en\/imprint\/","og_site_name":"Migwan","article_publisher":"https:\/\/www.facebook.com\/people\/Migwan-Basel\/100064686969343\/","article_modified_time":"2024-01-25T09:43:15+00:00","twitter_card":"summary_large_image","twitter_misc":{"Estimated reading time":"4 minutes"},"schema":{"@context":"https:\/\/schema.org","@graph":[{"@type":"WebPage","@id":"https:\/\/migwan.ch\/impressum\/","url":"https:\/\/migwan.ch\/impressum\/","name":"Imprint - Migwan","isPartOf":{"@id":"https:\/\/migwan.ch\/#website"},"datePublished":"2024-01-10T13:30:54+00:00","dateModified":"2024-01-25T09:43:15+00:00","breadcrumb":{"@id":"https:\/\/migwan.ch\/impressum\/#breadcrumb"},"inLanguage":"en-GB","potentialAction":[{"@type":"ReadAction","target":["https:\/\/migwan.ch\/impressum\/"]}]},{"@type":"BreadcrumbList","@id":"https:\/\/migwan.ch\/impressum\/#breadcrumb","itemListElement":[{"@type":"ListItem","position":1,"name":"Startseite","item":"https:\/\/migwan.ch\/"},{"@type":"ListItem","position":2,"name":"Impressum"}]},{"@type":"WebSite","@id":"https:\/\/migwan.ch\/#website","url":"https:\/\/migwan.ch\/","name":"Migwan","description":"Liberal Jewish Community Basel","publisher":{"@id":"https:\/\/migwan.ch\/#organization"},"potentialAction":[{"@type":"SearchAction","target":{"@type":"EntryPoint","urlTemplate":"https:\/\/migwan.ch\/?s={search_term_string}"},"query-input":{"@type":"PropertyValueSpecification","valueRequired":true,"valueName":"search_term_string"}}],"inLanguage":"en-GB"},{"@type":"Organization","@id":"https:\/\/migwan.ch\/#organization","name":"Migwan","url":"https:\/\/migwan.ch\/","logo":{"@type":"ImageObject","inLanguage":"en-GB","@id":"https:\/\/migwan.ch\/#\/schema\/logo\/image\/","url":"https:\/\/migwan.ch\/wp-content\/uploads\/2024\/03\/Migwan_logo_menora_solo2-1.png","contentUrl":"https:\/\/migwan.ch\/wp-content\/uploads\/2024\/03\/Migwan_logo_menora_solo2-1.png","width":4499,"height":887,"caption":"Migwan"},"image":{"@id":"https:\/\/migwan.ch\/#\/schema\/logo\/image\/"},"sameAs":["https:\/\/www.facebook.com\/people\/Migwan-Basel\/100064686969343\/","https:\/\/www.instagram.com\/Migwan_Switzerland\/"]}]}},"_links":{"self":[{"href":"https:\/\/migwan.ch\/en\/wp-json\/wp\/v2\/pages\/9425","targetHints":{"allow":["GET"]}}],"collection":[{"href":"https:\/\/migwan.ch\/en\/wp-json\/wp\/v2\/pages"}],"about":[{"href":"https:\/\/migwan.ch\/en\/wp-json\/wp\/v2\/types\/page"}],"author":[{"embeddable":true,"href":"https:\/\/migwan.ch\/en\/wp-json\/wp\/v2\/users\/1"}],"replies":[{"embeddable":true,"href":"https:\/\/migwan.ch\/en\/wp-json\/wp\/v2\/comments?post=9425"}],"version-history":[{"count":0,"href":"https:\/\/migwan.ch\/en\/wp-json\/wp\/v2\/pages\/9425\/revisions"}],"wp:attachment":[{"href":"https:\/\/migwan.ch\/en\/wp-json\/wp\/v2\/media?parent=9425"}],"curies":[{"name":"wp","href":"https:\/\/api.w.org\/{rel}","templated":true}]}}