{"id":9446,"date":"2024-01-10T14:38:38","date_gmt":"2024-01-10T13:38:38","guid":{"rendered":"https:\/\/www.migwan.ch\/neu2\/?page_id=9446"},"modified":"2026-03-19T19:11:16","modified_gmt":"2026-03-19T18:11:16","slug":"services","status":"publish","type":"page","link":"https:\/\/migwan.ch\/en\/services\/","title":{"rendered":"Services"},"content":{"rendered":"<div data-elementor-type=\"wp-page\" data-elementor-id=\"9446\" class=\"elementor elementor-9446\" data-elementor-post-type=\"page\">\n\t\t\t\t<div data-particle_enable=\"false\" data-particle-mobile-disabled=\"false\" class=\"elementor-element elementor-element-d944a3e e-flex e-con-boxed e-con e-parent\" data-id=\"d944a3e\" data-element_type=\"container\">\n\t\t\t\t\t<div class=\"e-con-inner\">\n\t\t\t\t<div class=\"elementor-element elementor-element-1e88394 elementor-widget elementor-widget-heading\" data-id=\"1e88394\" data-element_type=\"widget\" data-widget_type=\"heading.default\">\n\t\t\t\t<div class=\"elementor-widget-container\">\n\t\t\t\t\t<h1 class=\"elementor-heading-title elementor-size-default\">Services<\/h1>\t\t\t\t<\/div>\n\t\t\t\t<\/div>\n\t\t\t\t\t<\/div>\n\t\t\t\t<\/div>\n\t\t<div data-particle_enable=\"false\" data-particle-mobile-disabled=\"false\" class=\"elementor-element elementor-element-bc238aa e-flex e-con-boxed e-con e-parent\" data-id=\"bc238aa\" data-element_type=\"container\">\n\t\t\t\t\t<div class=\"e-con-inner\">\n\t\t<div data-particle_enable=\"false\" data-particle-mobile-disabled=\"false\" class=\"elementor-element elementor-element-39cdf96 e-con-full e-flex e-con e-child\" data-id=\"39cdf96\" data-element_type=\"container\" data-settings=\"{&quot;background_background&quot;:&quot;classic&quot;}\">\n\t\t<div data-particle_enable=\"false\" data-particle-mobile-disabled=\"false\" class=\"elementor-element elementor-element-1a5f203 e-con-full e-flex e-con e-child\" data-id=\"1a5f203\" data-element_type=\"container\" data-settings=\"{&quot;background_background&quot;:&quot;classic&quot;}\">\n\t\t\t\t<div class=\"elementor-element elementor-element-4e441fe elementor-widget elementor-widget-text-editor\" data-id=\"4e441fe\" data-element_type=\"widget\" data-widget_type=\"text-editor.default\">\n\t\t\t\t<div class=\"elementor-widget-container\">\n\t\t\t\t\t\t\t\t\t<h4>Important information<\/h4><p>It is mandatory to register online for all of our services.\u00a0<\/p><p><strong>Guests:<\/strong><\/p><p><span data-olk-copy-source=\"MessageBody\">We look forward to your visit to our community. Please contact us at <a href=\"\/en\/&\/#x6d;a&#x69;&#108;t&#x6f;&#58;&#x69;&#x6e;f&#x6f;&#64;m&#x69;&#103;&#x77;&#97;n&#x2e;&#99;h\">info@migwan.ch<\/a>\u00a0 to register with our administration. The office will contact you for further information. You can also take part in our events accompanied by members.\u00a0<\/span><\/p><p>Thank you for your understanding. Migwan management, January 2025.<\/p><p>\u00a0<\/p>\t\t\t\t\t\t\t\t<\/div>\n\t\t\t\t<\/div>\n\t\t\t\t<\/div>\n\t\t\t\t<\/div>\n\t\t\t\t\t<\/div>\n\t\t\t\t<\/div>\n\t\t<div data-particle_enable=\"false\" data-particle-mobile-disabled=\"false\" class=\"elementor-element elementor-element-4876cd2 e-flex e-con-boxed e-con e-parent\" data-id=\"4876cd2\" data-element_type=\"container\">\n\t\t\t\t\t<div class=\"e-con-inner\">\n\t\t<div data-particle_enable=\"false\" data-particle-mobile-disabled=\"false\" class=\"elementor-element elementor-element-4745c0c e-con-full e-flex e-con e-child\" data-id=\"4745c0c\" data-element_type=\"container\">\n\t\t\t\t<div class=\"elementor-element elementor-element-bb89d14 elementor-widget elementor-widget-image\" data-id=\"bb89d14\" data-element_type=\"widget\" data-widget_type=\"image.default\">\n\t\t\t\t<div class=\"elementor-widget-container\">\n\t\t\t\t\t\t\t\t\t\t\t\t\t\t\t<img fetchpriority=\"high\" decoding=\"async\" width=\"701\" height=\"150\" src=\"https:\/\/migwan.ch\/wp-content\/uploads\/2024\/01\/migwan.png\" class=\"attachment-large size-large wp-image-8828\" alt=\"\" srcset=\"https:\/\/migwan.ch\/wp-content\/uploads\/2024\/01\/migwan.png 701w, https:\/\/migwan.ch\/wp-content\/uploads\/2024\/01\/migwan-300x64.png 300w, https:\/\/migwan.ch\/wp-content\/uploads\/2024\/01\/migwan-18x4.png 18w, https:\/\/migwan.ch\/wp-content\/uploads\/2024\/01\/migwan-350x75.png 350w\" sizes=\"(max-width: 701px) 100vw, 701px\" \/>\t\t\t\t\t\t\t\t\t\t\t\t\t\t\t<\/div>\n\t\t\t\t<\/div>\n\t\t\t\t<div class=\"elementor-element elementor-element-1623563 elementor-widget elementor-widget-text-editor\" data-id=\"1623563\" data-element_type=\"widget\" data-widget_type=\"text-editor.default\">\n\t\t\t\t<div class=\"elementor-widget-container\">\n\t\t\t\t\t\t\t\t\t<p>\u00a0<strong>One day we will hold our  new Siddur in our hands!<\/strong><\/p><p>We chose to publish our new Siddur with our local publisher of religious books, Morascha. This company was started by Edward Selig z\u201dl, and his work is continued now by his two sons: one of whom lives in Basel and the other in Israel. Because of the October 7 War and now the current war, some of our hopes have not been realised as we would like. It is particularly poignant to have a conversation on zoom, and to experience your partner hearing sirens and apologising \u2013 as many of our Migwan family are also experiencing.<\/p><p>Each of us working on the new Siddur has been inspired by our discussions with Rabbi Avigail Ben Dor Niv, who has \u201ccast a new light\u201d in so many ways on our thinking. Dan Dunkelblum has also been a key local resource for our English team (Ben Rosenbaum and myself) and our German team (Lea Levi and Noah Rosenbaum). Dan has developed a beautiful, easy transliteration of the Hebrew text, and although we hoped to use AI for this, we found it was more important to adapt to our needs.<\/p><p>We are now finishing the exciting third section of the Siddur in all languages. This section deals with those occasional life cycle and annual special occasions cycle of prayers not commonly needed in Kabbalat Shabbat and Shacharit. Some prayers, written by team members, required translation back to Hebrew and German, and transliteration. A creative, challenging and rewarding process, carried out in love for Migwan by your team of volunteers.<\/p><p>Thank you very much to all our members and friends for your donations.\u00a0<\/p><p>Hava Fleming, March 19th, 2026<\/p>\t\t\t\t\t\t\t\t<\/div>\n\t\t\t\t<\/div>\n\t\t\t\t<div class=\"elementor-element elementor-element-9bb2175 elementor-widget elementor-widget-text-editor\" data-id=\"9bb2175\" data-element_type=\"widget\" data-widget_type=\"text-editor.default\">\n\t\t\t\t<div class=\"elementor-widget-container\">\n\t\t\t\t\t\t\t\t\t<div><span style=\"color: #874efe;\" data-olk-copy-source=\"MessageBody\">Recordings Niggunim (congregational songs Migwan), Freiburg 2023<\/span><\/div><div><span style=\"color: #874efe;\">\u00a0<\/span><\/div><div><span style=\"color: #874efe;\">Lead: Rabbi A. Weingarten\u00a0 <\/span><\/div><div><span style=\"color: #874efe;\">Singers: E. Berns, D. Dunkelblum, C. Fleming, N. Rosenbaum<\/span><\/div><div><span style=\"color: #874efe;\">\u00a0<\/span><\/div><div><span style=\"color: #874efe;\"><span data-olk-copy-source=\"MessageBody\">Piano accompaniment and mix<\/span>: L. Altgenug<\/span><\/div><div><span style=\"color: #874efe;\">Organization: C. Kempkes<\/span><\/div><div>\u00a0<\/div><div>Link:<\/div><div><a href=\"https:\/\/tinyurl.com\/35mbw4du\">https:\/\/tinyurl.com\/35mbw4du<\/a><\/div>\t\t\t\t\t\t\t\t<\/div>\n\t\t\t\t<\/div>\n\t\t\t\t<\/div>\n\t\t<div data-particle_enable=\"false\" data-particle-mobile-disabled=\"false\" class=\"elementor-element elementor-element-be8b0f2 e-con-full e-flex e-con e-child\" data-id=\"be8b0f2\" data-element_type=\"container\" data-settings=\"{&quot;background_background&quot;:&quot;classic&quot;}\">\n\t\t<div data-particle_enable=\"false\" data-particle-mobile-disabled=\"false\" class=\"elementor-element elementor-element-7867a5f e-con-full e-flex e-con e-child\" data-id=\"7867a5f\" data-element_type=\"container\" data-settings=\"{&quot;background_background&quot;:&quot;classic&quot;}\">\n\t\t\t\t<div class=\"elementor-element elementor-element-075f778 elementor-widget elementor-widget-text-editor\" data-id=\"075f778\" data-element_type=\"widget\" data-widget_type=\"text-editor.default\">\n\t\t\t\t<div class=\"elementor-widget-container\">\n\t\t\t\t\t\t\t\t\t<h4>Downloads<\/h4><p><a href=\"https:\/\/www.migwan.ch\/wp-content\/uploads\/2024\/01\/Or-Chadasch-Tu-biSchewat-1.pdf\" target=\"_blank\" rel=\"noopener\">Tu B'schwat brochure (PDF)<\/a><\/p><p><a href=\"https:\/\/www.migwan.ch\/wp-content\/uploads\/2024\/01\/\u05e1\u05d9\u05d3\u05d5\u05e8-\u05e1\u05d5\u05e4\u05d9-\u05dc\u05d1\u05d9\u05e0\u05ea\u05d9\u05d9\u05dd.pdf\" target=\"_blank\" rel=\"noopener\">Our Siddur (PDF)<\/a><\/p><p><a href=\"https:\/\/www.migwan.ch\/wp-content\/uploads\/2024\/01\/HaggadahPesach2020.pdf\" target=\"_blank\" rel=\"noopener\">Our Haggadah (PDF)<\/a><\/p><p><a href=\"https:\/\/migwan.ch\/wp-content\/uploads\/2025\/09\/\u05e8\u05d0\u05e9-\u05d4\u05e9\u05e0\u05d4.pdf\">Our Rosh Hashana Machzor (PDF)\u00a0<\/a><\/p><p><a href=\"https:\/\/www.migwan.ch\/wp-content\/uploads\/2024\/01\/\u05d9\u05d5\u05dd-\u05db\u05d9\u05e4\u05d5\u05e8.pdf\" target=\"_blank\" rel=\"noopener\"><span style=\"font-size: 16px;\">Our Yom Kippur Machzor (PDF)<\/span><\/a><\/p>\t\t\t\t\t\t\t\t<\/div>\n\t\t\t\t<\/div>\n\t\t\t\t<\/div>\n\t\t\t\t<\/div>\n\t\t\t\t\t<\/div>\n\t\t\t\t<\/div>\n\t\t<div data-particle_enable=\"false\" data-particle-mobile-disabled=\"false\" class=\"elementor-element elementor-element-e962926 e-flex e-con-boxed e-con e-parent\" data-id=\"e962926\" data-element_type=\"container\">\n\t\t\t\t\t<div class=\"e-con-inner\">\n\t\t\t\t\t<\/div>\n\t\t\t\t<\/div>\n\t\t<div data-particle_enable=\"false\" data-particle-mobile-disabled=\"false\" class=\"elementor-element elementor-element-be3c68f e-flex e-con-boxed e-con e-parent\" data-id=\"be3c68f\" data-element_type=\"container\">\n\t\t\t\t\t<div class=\"e-con-inner\">\n\t\t\t\t\t<\/div>\n\t\t\t\t<\/div>\n\t\t\t\t<\/div>","protected":false},"excerpt":{"rendered":"<p>Gottesdienste Wichtige Informationen Zur Zeit ist es obligatorisch sich f\u00fcr alle Gottesdienste online anzumelden.\u00a0 G\u00e4ste: Wir freuen uns auf Ihren Besuch in unserer Gemeinde. Wir bitten Sie sich unter &#105;&#x6e;&#102;&#x6f;&#64;&#x6d;i&#x67;w&#x61;n&#46;&#x63;&#104;\u00a0 bei unserer Administration anzumelden. Das B\u00fcro wird sich mit Ihnen f\u00fcr weitere Informationen in Verbindung setzen. Sie k\u00f6nnen auch in Begleitung von Mitgliedern an unseren [&hellip;]<\/p>","protected":false},"author":1,"featured_media":0,"parent":0,"menu_order":0,"comment_status":"closed","ping_status":"closed","template":"","meta":{"site-sidebar-layout":"no-sidebar","site-content-layout":"page-builder","ast-site-content-layout":"full-width-container","site-content-style":"unboxed","site-sidebar-style":"unboxed","ast-global-header-display":"","ast-banner-title-visibility":"","ast-main-header-display":"","ast-hfb-above-header-display":"","ast-hfb-below-header-display":"","ast-hfb-mobile-header-display":"","site-post-title":"disabled","ast-breadcrumbs-content":"disabled","ast-featured-img":"disabled","footer-sml-layout":"","ast-disable-related-posts":"","theme-transparent-header-meta":"disabled","adv-header-id-meta":"","stick-header-meta":"enabled","header-above-stick-meta":"disabled","header-main-stick-meta":"disabled","header-below-stick-meta":"disabled","astra-migrate-meta-layouts":"set","ast-page-background-enabled":"default","ast-page-background-meta":{"desktop":{"background-color":"","background-image":"","background-repeat":"repeat","background-position":"center center","background-size":"auto","background-attachment":"scroll","background-type":"","background-media":"","overlay-type":"","overlay-color":"","overlay-opacity":"","overlay-gradient":""},"tablet":{"background-color":"","background-image":"","background-repeat":"repeat","background-position":"center center","background-size":"auto","background-attachment":"scroll","background-type":"","background-media":"","overlay-type":"","overlay-color":"","overlay-opacity":"","overlay-gradient":""},"mobile":{"background-color":"","background-image":"","background-repeat":"repeat","background-position":"center center","background-size":"auto","background-attachment":"scroll","background-type":"","background-media":"","overlay-type":"","overlay-color":"","overlay-opacity":"","overlay-gradient":""}},"ast-content-background-meta":{"desktop":{"background-color":"var(--ast-global-color-5)","background-image":"","background-repeat":"repeat","background-position":"center center","background-size":"auto","background-attachment":"scroll","background-type":"","background-media":"","overlay-type":"","overlay-color":"","overlay-opacity":"","overlay-gradient":""},"tablet":{"background-color":"var(--ast-global-color-5)","background-image":"","background-repeat":"repeat","background-position":"center center","background-size":"auto","background-attachment":"scroll","background-type":"","background-media":"","overlay-type":"","overlay-color":"","overlay-opacity":"","overlay-gradient":""},"mobile":{"background-color":"var(--ast-global-color-5)","background-image":"","background-repeat":"repeat","background-position":"center center","background-size":"auto","background-attachment":"scroll","background-type":"","background-media":"","overlay-type":"","overlay-color":"","overlay-opacity":"","overlay-gradient":""}},"footnotes":""},"class_list":["post-9446","page","type-page","status-publish","hentry"],"yoast_head":"<!-- This site is optimized with the Yoast SEO plugin v26.8 - https:\/\/yoast.com\/product\/yoast-seo-wordpress\/ -->\n<title>Gottesdienste - Migwan<\/title>\n<meta name=\"robots\" content=\"index, follow, max-snippet:-1, max-image-preview:large, max-video-preview:-1\" \/>\n<link rel=\"canonical\" href=\"https:\/\/migwan.ch\/en\/services\/\" \/>\n<meta property=\"og:locale\" content=\"en_GB\" \/>\n<meta property=\"og:type\" content=\"article\" \/>\n<meta property=\"og:title\" content=\"Gottesdienste - Migwan\" \/>\n<meta property=\"og:description\" content=\"Gottesdienste Wichtige Informationen Zur Zeit ist es obligatorisch sich f\u00fcr alle Gottesdienste online anzumelden.\u00a0 G\u00e4ste: Wir freuen uns auf Ihren Besuch in unserer Gemeinde. Wir bitten Sie sich unter &#105;&#x6e;&#102;&#x6f;&#064;&#x6d;i&#x67;w&#x61;n&#046;&#x63;&#104;\u00a0 bei unserer Administration anzumelden. Das B\u00fcro wird sich mit Ihnen f\u00fcr weitere Informationen in Verbindung setzen. Sie k\u00f6nnen auch in Begleitung von Mitgliedern an unseren [&hellip;]\" \/>\n<meta property=\"og:url\" content=\"https:\/\/migwan.ch\/en\/services\/\" \/>\n<meta property=\"og:site_name\" content=\"Migwan\" \/>\n<meta property=\"article:publisher\" content=\"https:\/\/www.facebook.com\/people\/Migwan-Basel\/100064686969343\/\" \/>\n<meta property=\"article:modified_time\" content=\"2026-03-19T18:11:16+00:00\" \/>\n<meta property=\"og:image\" content=\"https:\/\/migwan.ch\/wp-content\/uploads\/2024\/01\/migwan.png\" \/>\n\t<meta property=\"og:image:width\" content=\"701\" \/>\n\t<meta property=\"og:image:height\" content=\"150\" \/>\n\t<meta property=\"og:image:type\" content=\"image\/png\" \/>\n<meta name=\"twitter:card\" content=\"summary_large_image\" \/>\n<meta name=\"twitter:label1\" content=\"Estimated reading time\" \/>\n\t<meta name=\"twitter:data1\" content=\"3 minutes\" \/>\n<script type=\"application\/ld+json\" class=\"yoast-schema-graph\">{\"@context\":\"https:\/\/schema.org\",\"@graph\":[{\"@type\":\"WebPage\",\"@id\":\"https:\/\/migwan.ch\/gottesdienste\/\",\"url\":\"https:\/\/migwan.ch\/gottesdienste\/\",\"name\":\"Gottesdienste - Migwan\",\"isPartOf\":{\"@id\":\"https:\/\/migwan.ch\/#website\"},\"primaryImageOfPage\":{\"@id\":\"https:\/\/migwan.ch\/gottesdienste\/#primaryimage\"},\"image\":{\"@id\":\"https:\/\/migwan.ch\/gottesdienste\/#primaryimage\"},\"thumbnailUrl\":\"https:\/\/migwan.ch\/wp-content\/uploads\/2024\/01\/migwan.png\",\"datePublished\":\"2024-01-10T13:38:38+00:00\",\"dateModified\":\"2026-03-19T18:11:16+00:00\",\"breadcrumb\":{\"@id\":\"https:\/\/migwan.ch\/gottesdienste\/#breadcrumb\"},\"inLanguage\":\"en-GB\",\"potentialAction\":[{\"@type\":\"ReadAction\",\"target\":[\"https:\/\/migwan.ch\/gottesdienste\/\"]}]},{\"@type\":\"ImageObject\",\"inLanguage\":\"en-GB\",\"@id\":\"https:\/\/migwan.ch\/gottesdienste\/#primaryimage\",\"url\":\"https:\/\/migwan.ch\/wp-content\/uploads\/2024\/01\/migwan.png\",\"contentUrl\":\"https:\/\/migwan.ch\/wp-content\/uploads\/2024\/01\/migwan.png\"},{\"@type\":\"BreadcrumbList\",\"@id\":\"https:\/\/migwan.ch\/gottesdienste\/#breadcrumb\",\"itemListElement\":[{\"@type\":\"ListItem\",\"position\":1,\"name\":\"Startseite\",\"item\":\"https:\/\/migwan.ch\/\"},{\"@type\":\"ListItem\",\"position\":2,\"name\":\"Gottesdienste\"}]},{\"@type\":\"WebSite\",\"@id\":\"https:\/\/migwan.ch\/#website\",\"url\":\"https:\/\/migwan.ch\/\",\"name\":\"Migwan\",\"description\":\"Liberale J\u00fcdische Gemeinde Basel\",\"publisher\":{\"@id\":\"https:\/\/migwan.ch\/#organization\"},\"potentialAction\":[{\"@type\":\"SearchAction\",\"target\":{\"@type\":\"EntryPoint\",\"urlTemplate\":\"https:\/\/migwan.ch\/?s={search_term_string}\"},\"query-input\":{\"@type\":\"PropertyValueSpecification\",\"valueRequired\":true,\"valueName\":\"search_term_string\"}}],\"inLanguage\":\"en-GB\"},{\"@type\":\"Organization\",\"@id\":\"https:\/\/migwan.ch\/#organization\",\"name\":\"Migwan\",\"url\":\"https:\/\/migwan.ch\/\",\"logo\":{\"@type\":\"ImageObject\",\"inLanguage\":\"en-GB\",\"@id\":\"https:\/\/migwan.ch\/#\/schema\/logo\/image\/\",\"url\":\"https:\/\/migwan.ch\/wp-content\/uploads\/2024\/03\/Migwan_logo_menora_solo2-1.png\",\"contentUrl\":\"https:\/\/migwan.ch\/wp-content\/uploads\/2024\/03\/Migwan_logo_menora_solo2-1.png\",\"width\":4499,\"height\":887,\"caption\":\"Migwan\"},\"image\":{\"@id\":\"https:\/\/migwan.ch\/#\/schema\/logo\/image\/\"},\"sameAs\":[\"https:\/\/www.facebook.com\/people\/Migwan-Basel\/100064686969343\/\",\"https:\/\/www.instagram.com\/Migwan_Switzerland\/\"]}]}<\/script>\n<!-- \/ Yoast SEO plugin. -->","yoast_head_json":{"title":"Services - Migwan","robots":{"index":"index","follow":"follow","max-snippet":"max-snippet:-1","max-image-preview":"max-image-preview:large","max-video-preview":"max-video-preview:-1"},"canonical":"https:\/\/migwan.ch\/en\/services\/","og_locale":"en_GB","og_type":"article","og_title":"Gottesdienste - Migwan","og_description":"Gottesdienste Wichtige Informationen Zur Zeit ist es obligatorisch sich f\u00fcr alle Gottesdienste online anzumelden.\u00a0 G\u00e4ste: Wir freuen uns auf Ihren Besuch in unserer Gemeinde. Wir bitten Sie sich unter &#105;&#x6e;&#102;&#x6f;&#64;&#x6d;i&#x67;w&#x61;n&#46;&#x63;&#104;\u00a0 bei unserer Administration anzumelden. Das B\u00fcro wird sich mit Ihnen f\u00fcr weitere Informationen in Verbindung setzen. Sie k\u00f6nnen auch in Begleitung von Mitgliedern an unseren [&hellip;]","og_url":"https:\/\/migwan.ch\/en\/services\/","og_site_name":"Migwan","article_publisher":"https:\/\/www.facebook.com\/people\/Migwan-Basel\/100064686969343\/","article_modified_time":"2026-03-19T18:11:16+00:00","og_image":[{"width":701,"height":150,"url":"https:\/\/migwan.ch\/wp-content\/uploads\/2024\/01\/migwan.png","type":"image\/png"}],"twitter_card":"summary_large_image","twitter_misc":{"Estimated reading time":"3 minutes"},"schema":{"@context":"https:\/\/schema.org","@graph":[{"@type":"WebPage","@id":"https:\/\/migwan.ch\/gottesdienste\/","url":"https:\/\/migwan.ch\/gottesdienste\/","name":"Services - Migwan","isPartOf":{"@id":"https:\/\/migwan.ch\/#website"},"primaryImageOfPage":{"@id":"https:\/\/migwan.ch\/gottesdienste\/#primaryimage"},"image":{"@id":"https:\/\/migwan.ch\/gottesdienste\/#primaryimage"},"thumbnailUrl":"https:\/\/migwan.ch\/wp-content\/uploads\/2024\/01\/migwan.png","datePublished":"2024-01-10T13:38:38+00:00","dateModified":"2026-03-19T18:11:16+00:00","breadcrumb":{"@id":"https:\/\/migwan.ch\/gottesdienste\/#breadcrumb"},"inLanguage":"en-GB","potentialAction":[{"@type":"ReadAction","target":["https:\/\/migwan.ch\/gottesdienste\/"]}]},{"@type":"ImageObject","inLanguage":"en-GB","@id":"https:\/\/migwan.ch\/gottesdienste\/#primaryimage","url":"https:\/\/migwan.ch\/wp-content\/uploads\/2024\/01\/migwan.png","contentUrl":"https:\/\/migwan.ch\/wp-content\/uploads\/2024\/01\/migwan.png"},{"@type":"BreadcrumbList","@id":"https:\/\/migwan.ch\/gottesdienste\/#breadcrumb","itemListElement":[{"@type":"ListItem","position":1,"name":"Startseite","item":"https:\/\/migwan.ch\/"},{"@type":"ListItem","position":2,"name":"Gottesdienste"}]},{"@type":"WebSite","@id":"https:\/\/migwan.ch\/#website","url":"https:\/\/migwan.ch\/","name":"Migwan","description":"Liberal Jewish Community Basel","publisher":{"@id":"https:\/\/migwan.ch\/#organization"},"potentialAction":[{"@type":"SearchAction","target":{"@type":"EntryPoint","urlTemplate":"https:\/\/migwan.ch\/?s={search_term_string}"},"query-input":{"@type":"PropertyValueSpecification","valueRequired":true,"valueName":"search_term_string"}}],"inLanguage":"en-GB"},{"@type":"Organization","@id":"https:\/\/migwan.ch\/#organization","name":"Migwan","url":"https:\/\/migwan.ch\/","logo":{"@type":"ImageObject","inLanguage":"en-GB","@id":"https:\/\/migwan.ch\/#\/schema\/logo\/image\/","url":"https:\/\/migwan.ch\/wp-content\/uploads\/2024\/03\/Migwan_logo_menora_solo2-1.png","contentUrl":"https:\/\/migwan.ch\/wp-content\/uploads\/2024\/03\/Migwan_logo_menora_solo2-1.png","width":4499,"height":887,"caption":"Migwan"},"image":{"@id":"https:\/\/migwan.ch\/#\/schema\/logo\/image\/"},"sameAs":["https:\/\/www.facebook.com\/people\/Migwan-Basel\/100064686969343\/","https:\/\/www.instagram.com\/Migwan_Switzerland\/"]}]}},"_links":{"self":[{"href":"https:\/\/migwan.ch\/en\/wp-json\/wp\/v2\/pages\/9446","targetHints":{"allow":["GET"]}}],"collection":[{"href":"https:\/\/migwan.ch\/en\/wp-json\/wp\/v2\/pages"}],"about":[{"href":"https:\/\/migwan.ch\/en\/wp-json\/wp\/v2\/types\/page"}],"author":[{"embeddable":true,"href":"https:\/\/migwan.ch\/en\/wp-json\/wp\/v2\/users\/1"}],"replies":[{"embeddable":true,"href":"https:\/\/migwan.ch\/en\/wp-json\/wp\/v2\/comments?post=9446"}],"version-history":[{"count":10,"href":"https:\/\/migwan.ch\/en\/wp-json\/wp\/v2\/pages\/9446\/revisions"}],"predecessor-version":[{"id":14155,"href":"https:\/\/migwan.ch\/en\/wp-json\/wp\/v2\/pages\/9446\/revisions\/14155"}],"wp:attachment":[{"href":"https:\/\/migwan.ch\/en\/wp-json\/wp\/v2\/media?parent=9446"}],"curies":[{"name":"wp","href":"https:\/\/api.w.org\/{rel}","templated":true}]}}