{"id":9474,"date":"2024-01-10T15:21:22","date_gmt":"2024-01-10T14:21:22","guid":{"rendered":"https:\/\/www.migwan.ch\/neu2\/?page_id=9474"},"modified":"2024-03-28T09:49:25","modified_gmt":"2024-03-28T08:49:25","slug":"left","status":"publish","type":"page","link":"https:\/\/migwan.ch\/en\/left\/","title":{"rendered":"Links"},"content":{"rendered":"<div data-elementor-type=\"wp-page\" data-elementor-id=\"9474\" class=\"elementor elementor-9474\" data-elementor-post-type=\"page\">\n\t\t\t\t<div data-particle_enable=\"false\" data-particle-mobile-disabled=\"false\" class=\"elementor-element elementor-element-d944a3e e-flex e-con-boxed e-con e-parent\" data-id=\"d944a3e\" data-element_type=\"container\">\n\t\t\t\t\t<div class=\"e-con-inner\">\n\t\t\t\t<div class=\"elementor-element elementor-element-1e88394 elementor-widget elementor-widget-heading\" data-id=\"1e88394\" data-element_type=\"widget\" data-widget_type=\"heading.default\">\n\t\t\t\t<div class=\"elementor-widget-container\">\n\t\t\t\t\t<h1 class=\"elementor-heading-title elementor-size-default\">Links<\/h1>\t\t\t\t<\/div>\n\t\t\t\t<\/div>\n\t\t\t\t\t<\/div>\n\t\t\t\t<\/div>\n\t\t<div data-particle_enable=\"false\" data-particle-mobile-disabled=\"false\" class=\"elementor-element elementor-element-bc238aa e-flex e-con-boxed e-con e-parent\" data-id=\"bc238aa\" data-element_type=\"container\">\n\t\t\t\t\t<div class=\"e-con-inner\">\n\t\t\t\t<div class=\"elementor-element elementor-element-372048b elementor-widget elementor-widget-text-editor\" data-id=\"372048b\" data-element_type=\"widget\" data-widget_type=\"text-editor.default\">\n\t\t\t\t<div class=\"elementor-widget-container\">\n\t\t\t\t\t\t\t\t\t<p>We hope that you will  find the following addresses useful.<\/p><p><a href=\"https:\/\/www.rabbiweingarten.com\/\">Rabbi Akiva Weingarten<\/a><br \/><a href=\"https:\/\/www.beshtdresden.org\/\">Besht Dresden<\/a><br \/><a href=\"http:\/\/www.jlg.ch\/\">Jewish Liberal Community Or Chadasch Zurich<\/a><br \/><a href=\"http:\/\/www.gil.ch\/\">Communaut\u00e9 Isra\u00e9lite Lib\u00e9rale de Gen\u00e8ve<\/a><br \/><a href=\"http:\/\/www.liberaljews.ch\/de\/home\">Platform of Liberal Jews in Switzerland (PLJS)<\/a><br \/><a href=\"http:\/\/www.tachles.ch\/\">Tachles - The Jewish weekly magazine<\/a><br \/><a href=\"http:\/\/www.wupj.org\/\">WUPJ -World Union for Progressive Judaism<\/a><br \/><a href=\"http:\/\/www.eupj.org\/\">European Region of WUPJ<\/a><br \/><a href=\"http:\/\/www.gescher-freiburg.de\/\">Egalitarian Jewish Chawurah Gescher Freiburg e.V.<\/a><br \/><a href=\"https:\/\/jewishstudies.unibas.ch\/\">Institute for Jewish Studies at the University of Basel<\/a><\/p><p>\u00a0<\/p>\t\t\t\t\t\t\t\t<\/div>\n\t\t\t\t<\/div>\n\t\t\t\t\t<\/div>\n\t\t\t\t<\/div>\n\t\t\t\t<\/div>","protected":false},"excerpt":{"rendered":"<p>Links We hope that you will also find the following addresses useful. Rabbi Akiva WeingartenBesht DresdenJewish Liberal Community Or Chadasch ZurichCommunaut\u00e9 Isra\u00e9lite Lib\u00e9rale de Gen\u00e8vePlatform of Liberal Jews of Switzerland (PLJS)Tachles - Das J\u00fcdische WochenmagazinWUPJ -World Union for Progressive JudaismEuropean Region of WUPJEgalit\u00e4re J\u00fcdische Chawurah Gescher Freiburg e.V.Institut f\u00fcr J\u00fcdische Studien der Universit\u00e4t Basel \u00a0<\/p>","protected":false},"author":1,"featured_media":0,"parent":0,"menu_order":0,"comment_status":"closed","ping_status":"closed","template":"","meta":{"site-sidebar-layout":"no-sidebar","site-content-layout":"page-builder","ast-site-content-layout":"full-width-container","site-content-style":"unboxed","site-sidebar-style":"unboxed","ast-global-header-display":"","ast-banner-title-visibility":"","ast-main-header-display":"","ast-hfb-above-header-display":"","ast-hfb-below-header-display":"","ast-hfb-mobile-header-display":"","site-post-title":"disabled","ast-breadcrumbs-content":"disabled","ast-featured-img":"","footer-sml-layout":"","ast-disable-related-posts":"","theme-transparent-header-meta":"disabled","adv-header-id-meta":"","stick-header-meta":"enabled","header-above-stick-meta":"disabled","header-main-stick-meta":"disabled","header-below-stick-meta":"disabled","astra-migrate-meta-layouts":"set","ast-page-background-enabled":"default","ast-page-background-meta":{"desktop":{"background-color":"","background-image":"","background-repeat":"repeat","background-position":"center center","background-size":"auto","background-attachment":"scroll","background-type":"","background-media":"","overlay-type":"","overlay-color":"","overlay-opacity":"","overlay-gradient":""},"tablet":{"background-color":"","background-image":"","background-repeat":"repeat","background-position":"center center","background-size":"auto","background-attachment":"scroll","background-type":"","background-media":"","overlay-type":"","overlay-color":"","overlay-opacity":"","overlay-gradient":""},"mobile":{"background-color":"","background-image":"","background-repeat":"repeat","background-position":"center center","background-size":"auto","background-attachment":"scroll","background-type":"","background-media":"","overlay-type":"","overlay-color":"","overlay-opacity":"","overlay-gradient":""}},"ast-content-background-meta":{"desktop":{"background-color":"var(--ast-global-color-5)","background-image":"","background-repeat":"repeat","background-position":"center center","background-size":"auto","background-attachment":"scroll","background-type":"","background-media":"","overlay-type":"","overlay-color":"","overlay-opacity":"","overlay-gradient":""},"tablet":{"background-color":"var(--ast-global-color-5)","background-image":"","background-repeat":"repeat","background-position":"center center","background-size":"auto","background-attachment":"scroll","background-type":"","background-media":"","overlay-type":"","overlay-color":"","overlay-opacity":"","overlay-gradient":""},"mobile":{"background-color":"var(--ast-global-color-5)","background-image":"","background-repeat":"repeat","background-position":"center center","background-size":"auto","background-attachment":"scroll","background-type":"","background-media":"","overlay-type":"","overlay-color":"","overlay-opacity":"","overlay-gradient":""}},"footnotes":""},"class_list":["post-9474","page","type-page","status-publish","hentry"],"yoast_head":"<!-- This site is optimized with the Yoast SEO plugin v26.8 - https:\/\/yoast.com\/product\/yoast-seo-wordpress\/ -->\n<title>Links - Migwan<\/title>\n<meta name=\"robots\" content=\"index, follow, max-snippet:-1, max-image-preview:large, max-video-preview:-1\" \/>\n<link rel=\"canonical\" href=\"https:\/\/migwan.ch\/en\/left\/\" \/>\n<meta property=\"og:locale\" content=\"en_GB\" \/>\n<meta property=\"og:type\" content=\"article\" \/>\n<meta property=\"og:title\" content=\"Links - Migwan\" \/>\n<meta property=\"og:description\" content=\"Links Wir hoffen, dass Sie auch die folgenden Adressen n\u00fctzlich finden. Rabbiner Akiva WeingartenBesht DresdenJ\u00fcdische Liberale Gemeinde Or Chadasch Z\u00fcrichCommunaut\u00e9 Isra\u00e9lite Lib\u00e9rale de Gen\u00e8vePlattform der liberalen Juden der Schweiz (PLJS)Tachles \u2013 Das J\u00fcdische WochenmagazinWUPJ -World Union for Progressive JudaismEuropean Region of WUPJEgalit\u00e4re J\u00fcdische Chawurah Gescher Freiburg e.V.Institut f\u00fcr J\u00fcdische Studien der Universit\u00e4t Basel \u00a0\" \/>\n<meta property=\"og:url\" content=\"https:\/\/migwan.ch\/en\/left\/\" \/>\n<meta property=\"og:site_name\" content=\"Migwan\" \/>\n<meta property=\"article:publisher\" content=\"https:\/\/www.facebook.com\/people\/Migwan-Basel\/100064686969343\/\" \/>\n<meta property=\"article:modified_time\" content=\"2024-03-28T08:49:25+00:00\" \/>\n<meta name=\"twitter:card\" content=\"summary_large_image\" \/>\n<meta name=\"twitter:label1\" content=\"Estimated reading time\" \/>\n\t<meta name=\"twitter:data1\" content=\"4 minutes\" \/>\n<script type=\"application\/ld+json\" class=\"yoast-schema-graph\">{\"@context\":\"https:\/\/schema.org\",\"@graph\":[{\"@type\":\"WebPage\",\"@id\":\"https:\/\/migwan.ch\/links\/\",\"url\":\"https:\/\/migwan.ch\/links\/\",\"name\":\"Links - Migwan\",\"isPartOf\":{\"@id\":\"https:\/\/migwan.ch\/#website\"},\"datePublished\":\"2024-01-10T14:21:22+00:00\",\"dateModified\":\"2024-03-28T08:49:25+00:00\",\"breadcrumb\":{\"@id\":\"https:\/\/migwan.ch\/links\/#breadcrumb\"},\"inLanguage\":\"en-GB\",\"potentialAction\":[{\"@type\":\"ReadAction\",\"target\":[\"https:\/\/migwan.ch\/links\/\"]}]},{\"@type\":\"BreadcrumbList\",\"@id\":\"https:\/\/migwan.ch\/links\/#breadcrumb\",\"itemListElement\":[{\"@type\":\"ListItem\",\"position\":1,\"name\":\"Startseite\",\"item\":\"https:\/\/migwan.ch\/\"},{\"@type\":\"ListItem\",\"position\":2,\"name\":\"Links\"}]},{\"@type\":\"WebSite\",\"@id\":\"https:\/\/migwan.ch\/#website\",\"url\":\"https:\/\/migwan.ch\/\",\"name\":\"Migwan\",\"description\":\"Liberale J\u00fcdische Gemeinde Basel\",\"publisher\":{\"@id\":\"https:\/\/migwan.ch\/#organization\"},\"potentialAction\":[{\"@type\":\"SearchAction\",\"target\":{\"@type\":\"EntryPoint\",\"urlTemplate\":\"https:\/\/migwan.ch\/?s={search_term_string}\"},\"query-input\":{\"@type\":\"PropertyValueSpecification\",\"valueRequired\":true,\"valueName\":\"search_term_string\"}}],\"inLanguage\":\"en-GB\"},{\"@type\":\"Organization\",\"@id\":\"https:\/\/migwan.ch\/#organization\",\"name\":\"Migwan\",\"url\":\"https:\/\/migwan.ch\/\",\"logo\":{\"@type\":\"ImageObject\",\"inLanguage\":\"en-GB\",\"@id\":\"https:\/\/migwan.ch\/#\/schema\/logo\/image\/\",\"url\":\"https:\/\/migwan.ch\/wp-content\/uploads\/2024\/03\/Migwan_logo_menora_solo2-1.png\",\"contentUrl\":\"https:\/\/migwan.ch\/wp-content\/uploads\/2024\/03\/Migwan_logo_menora_solo2-1.png\",\"width\":4499,\"height\":887,\"caption\":\"Migwan\"},\"image\":{\"@id\":\"https:\/\/migwan.ch\/#\/schema\/logo\/image\/\"},\"sameAs\":[\"https:\/\/www.facebook.com\/people\/Migwan-Basel\/100064686969343\/\",\"https:\/\/www.instagram.com\/Migwan_Switzerland\/\"]}]}<\/script>\n<!-- \/ Yoast SEO plugin. -->","yoast_head_json":{"title":"Links - Migwan","robots":{"index":"index","follow":"follow","max-snippet":"max-snippet:-1","max-image-preview":"max-image-preview:large","max-video-preview":"max-video-preview:-1"},"canonical":"https:\/\/migwan.ch\/en\/left\/","og_locale":"en_GB","og_type":"article","og_title":"Links - Migwan","og_description":"Links Wir hoffen, dass Sie auch die folgenden Adressen n\u00fctzlich finden. Rabbiner Akiva WeingartenBesht DresdenJ\u00fcdische Liberale Gemeinde Or Chadasch Z\u00fcrichCommunaut\u00e9 Isra\u00e9lite Lib\u00e9rale de Gen\u00e8vePlattform der liberalen Juden der Schweiz (PLJS)Tachles \u2013 Das J\u00fcdische WochenmagazinWUPJ -World Union for Progressive JudaismEuropean Region of WUPJEgalit\u00e4re J\u00fcdische Chawurah Gescher Freiburg e.V.Institut f\u00fcr J\u00fcdische Studien der Universit\u00e4t Basel \u00a0","og_url":"https:\/\/migwan.ch\/en\/left\/","og_site_name":"Migwan","article_publisher":"https:\/\/www.facebook.com\/people\/Migwan-Basel\/100064686969343\/","article_modified_time":"2024-03-28T08:49:25+00:00","twitter_card":"summary_large_image","twitter_misc":{"Estimated reading time":"4 minutes"},"schema":{"@context":"https:\/\/schema.org","@graph":[{"@type":"WebPage","@id":"https:\/\/migwan.ch\/links\/","url":"https:\/\/migwan.ch\/links\/","name":"Links - Migwan","isPartOf":{"@id":"https:\/\/migwan.ch\/#website"},"datePublished":"2024-01-10T14:21:22+00:00","dateModified":"2024-03-28T08:49:25+00:00","breadcrumb":{"@id":"https:\/\/migwan.ch\/links\/#breadcrumb"},"inLanguage":"en-GB","potentialAction":[{"@type":"ReadAction","target":["https:\/\/migwan.ch\/links\/"]}]},{"@type":"BreadcrumbList","@id":"https:\/\/migwan.ch\/links\/#breadcrumb","itemListElement":[{"@type":"ListItem","position":1,"name":"Startseite","item":"https:\/\/migwan.ch\/"},{"@type":"ListItem","position":2,"name":"Links"}]},{"@type":"WebSite","@id":"https:\/\/migwan.ch\/#website","url":"https:\/\/migwan.ch\/","name":"Migwan","description":"Liberal Jewish Community Basel","publisher":{"@id":"https:\/\/migwan.ch\/#organization"},"potentialAction":[{"@type":"SearchAction","target":{"@type":"EntryPoint","urlTemplate":"https:\/\/migwan.ch\/?s={search_term_string}"},"query-input":{"@type":"PropertyValueSpecification","valueRequired":true,"valueName":"search_term_string"}}],"inLanguage":"en-GB"},{"@type":"Organization","@id":"https:\/\/migwan.ch\/#organization","name":"Migwan","url":"https:\/\/migwan.ch\/","logo":{"@type":"ImageObject","inLanguage":"en-GB","@id":"https:\/\/migwan.ch\/#\/schema\/logo\/image\/","url":"https:\/\/migwan.ch\/wp-content\/uploads\/2024\/03\/Migwan_logo_menora_solo2-1.png","contentUrl":"https:\/\/migwan.ch\/wp-content\/uploads\/2024\/03\/Migwan_logo_menora_solo2-1.png","width":4499,"height":887,"caption":"Migwan"},"image":{"@id":"https:\/\/migwan.ch\/#\/schema\/logo\/image\/"},"sameAs":["https:\/\/www.facebook.com\/people\/Migwan-Basel\/100064686969343\/","https:\/\/www.instagram.com\/Migwan_Switzerland\/"]}]}},"_links":{"self":[{"href":"https:\/\/migwan.ch\/en\/wp-json\/wp\/v2\/pages\/9474","targetHints":{"allow":["GET"]}}],"collection":[{"href":"https:\/\/migwan.ch\/en\/wp-json\/wp\/v2\/pages"}],"about":[{"href":"https:\/\/migwan.ch\/en\/wp-json\/wp\/v2\/types\/page"}],"author":[{"embeddable":true,"href":"https:\/\/migwan.ch\/en\/wp-json\/wp\/v2\/users\/1"}],"replies":[{"embeddable":true,"href":"https:\/\/migwan.ch\/en\/wp-json\/wp\/v2\/comments?post=9474"}],"version-history":[{"count":0,"href":"https:\/\/migwan.ch\/en\/wp-json\/wp\/v2\/pages\/9474\/revisions"}],"wp:attachment":[{"href":"https:\/\/migwan.ch\/en\/wp-json\/wp\/v2\/media?parent=9474"}],"curies":[{"name":"wp","href":"https:\/\/api.w.org\/{rel}","templated":true}]}}