{"id":9879,"date":"2024-01-25T08:29:51","date_gmt":"2024-01-25T07:29:51","guid":{"rendered":"https:\/\/www.migwan.ch\/neu2\/?page_id=9879"},"modified":"2025-12-18T23:57:06","modified_gmt":"2025-12-18T22:57:06","slug":"donations","status":"publish","type":"page","link":"https:\/\/migwan.ch\/en\/donations\/","title":{"rendered":"Donations"},"content":{"rendered":"<div data-elementor-type=\"wp-page\" data-elementor-id=\"9879\" class=\"elementor elementor-9879\" data-elementor-post-type=\"page\">\n\t\t\t\t<div data-particle_enable=\"false\" data-particle-mobile-disabled=\"false\" class=\"elementor-element elementor-element-d944a3e e-flex e-con-boxed e-con e-parent\" data-id=\"d944a3e\" data-element_type=\"container\">\n\t\t\t\t\t<div class=\"e-con-inner\">\n\t\t\t\t<div class=\"elementor-element elementor-element-1e88394 elementor-widget elementor-widget-heading\" data-id=\"1e88394\" data-element_type=\"widget\" data-widget_type=\"heading.default\">\n\t\t\t\t<div class=\"elementor-widget-container\">\n\t\t\t\t\t<h1 class=\"elementor-heading-title elementor-size-default\">Donations<\/h1>\t\t\t\t<\/div>\n\t\t\t\t<\/div>\n\t\t\t\t\t<\/div>\n\t\t\t\t<\/div>\n\t\t<div data-particle_enable=\"false\" data-particle-mobile-disabled=\"false\" class=\"elementor-element elementor-element-bc238aa e-flex e-con-boxed e-con e-parent\" data-id=\"bc238aa\" data-element_type=\"container\">\n\t\t\t\t\t<div class=\"e-con-inner\">\n\t\t\t\t<div class=\"elementor-element elementor-element-372048b elementor-widget elementor-widget-text-editor\" data-id=\"372048b\" data-element_type=\"widget\" data-widget_type=\"text-editor.default\">\n\t\t\t\t<div class=\"elementor-widget-container\">\n\t\t\t\t\t\t\t\t\t<p>Your synagogue needs you!<\/p><p>An urgent need, sadly, is for security costs. The recent string of shocking and tragic anti-Semitic attacks worldwide \u2013 most recently at Sydney's Chabad event for Hanukah \u2013 remind us of the very real dangers. Migwan is committed to ensuring that all participants feel safe at our services and events. But we have a crippling security bill for 2026.<\/p><p>Please help us, because we are a committed, caring community. Migwan is our second home here in Basel where we meet old and make new friends, and your generosity can help ensure that we continue to safely and joyously celebrate our life-cycle events and traditions together.<\/p><p>Chag Hanukkah Sameach<\/p><p>Ben Cohen, Board<\/p>\t\t\t\t\t\t\t\t<\/div>\n\t\t\t\t<\/div>\n\t\t\t\t\t<\/div>\n\t\t\t\t<\/div>\n\t\t<div data-particle_enable=\"false\" data-particle-mobile-disabled=\"false\" class=\"elementor-element elementor-element-1dc9577 e-flex e-con-boxed e-con e-parent\" data-id=\"1dc9577\" data-element_type=\"container\">\n\t\t\t\t\t<div class=\"e-con-inner\">\n\t\t\t\t<div class=\"elementor-element elementor-element-b9ed872 elementor-view-default elementor-widget elementor-widget-icon\" data-id=\"b9ed872\" data-element_type=\"widget\" data-widget_type=\"icon.default\">\n\t\t\t\t<div class=\"elementor-widget-container\">\n\t\t\t\t\t\t\t<div class=\"elementor-icon-wrapper\">\n\t\t\t<div class=\"elementor-icon\">\n\t\t\t<svg aria-hidden=\"true\" class=\"e-font-icon-svg e-fas-star-of-david\" viewbox=\"0 0 464 512\" xmlns=\"http:\/\/www.w3.org\/2000\/svg\"><path d=\"M405.68 256l53.21-89.39C473.3 142.4 455.48 112 426.88 112H319.96l-55.95-93.98C256.86 6.01 244.43 0 232 0s-24.86 6.01-32.01 18.02L144.04 112H37.11c-28.6 0-46.42 30.4-32.01 54.61L58.32 256 5.1 345.39C-9.31 369.6 8.51 400 37.11 400h106.93l55.95 93.98C207.14 505.99 219.57 512 232 512s24.86-6.01 32.01-18.02L319.96 400h106.93c28.6 0 46.42-30.4 32.01-54.61L405.68 256zm-12.78-88l-19.8 33.26L353.3 168h39.6zm-52.39 88l-52.39 88H175.88l-52.39-88 52.38-88h112.25l52.39 88zM232 73.72L254.79 112h-45.57L232 73.72zM71.1 168h39.6l-19.8 33.26L71.1 168zm0 176l19.8-33.26L110.7 344H71.1zM232 438.28L209.21 400h45.57L232 438.28zM353.29 344l19.8-33.26L392.9 344h-39.61z\"><\/path><\/svg>\t\t\t<\/div>\n\t\t<\/div>\n\t\t\t\t\t\t<\/div>\n\t\t\t\t<\/div>\n\t\t\t\t\t<\/div>\n\t\t\t\t<\/div>\n\t\t\t\t<\/div>","protected":false},"excerpt":{"rendered":"<p>Spenden Ihre Synagoge braucht Sie! Ein dringender Bedarf besteht\u00a0 f\u00fcr Sicherheitskosten. Die j\u00fcngste Reihe schockierender und tragischer antisemitischer Angriffe weltweit \u2013 zuletzt bei der Chabad-Veranstaltung zum\u00a0 Chanukka-Fest in Sydney \u2013 erinnert uns an die sehr realen Gefahren. Migwan setzt sich daf\u00fcr ein, dass sich alle Mitglieder und G\u00e4ste bei unseren Gottesdiensten und Veranstaltungen sicher f\u00fchlen. [&hellip;]<\/p>","protected":false},"author":1,"featured_media":8901,"parent":0,"menu_order":0,"comment_status":"closed","ping_status":"closed","template":"","meta":{"site-sidebar-layout":"no-sidebar","site-content-layout":"page-builder","ast-site-content-layout":"full-width-container","site-content-style":"unboxed","site-sidebar-style":"unboxed","ast-global-header-display":"","ast-banner-title-visibility":"","ast-main-header-display":"","ast-hfb-above-header-display":"","ast-hfb-below-header-display":"","ast-hfb-mobile-header-display":"","site-post-title":"disabled","ast-breadcrumbs-content":"disabled","ast-featured-img":"","footer-sml-layout":"","ast-disable-related-posts":"","theme-transparent-header-meta":"disabled","adv-header-id-meta":"","stick-header-meta":"enabled","header-above-stick-meta":"disabled","header-main-stick-meta":"disabled","header-below-stick-meta":"disabled","astra-migrate-meta-layouts":"set","ast-page-background-enabled":"default","ast-page-background-meta":{"desktop":{"background-color":"","background-image":"","background-repeat":"repeat","background-position":"center center","background-size":"auto","background-attachment":"scroll","background-type":"","background-media":"","overlay-type":"","overlay-color":"","overlay-opacity":"","overlay-gradient":""},"tablet":{"background-color":"","background-image":"","background-repeat":"repeat","background-position":"center center","background-size":"auto","background-attachment":"scroll","background-type":"","background-media":"","overlay-type":"","overlay-color":"","overlay-opacity":"","overlay-gradient":""},"mobile":{"background-color":"","background-image":"","background-repeat":"repeat","background-position":"center center","background-size":"auto","background-attachment":"scroll","background-type":"","background-media":"","overlay-type":"","overlay-color":"","overlay-opacity":"","overlay-gradient":""}},"ast-content-background-meta":{"desktop":{"background-color":"var(--ast-global-color-5)","background-image":"","background-repeat":"repeat","background-position":"center center","background-size":"auto","background-attachment":"scroll","background-type":"","background-media":"","overlay-type":"","overlay-color":"","overlay-opacity":"","overlay-gradient":""},"tablet":{"background-color":"var(--ast-global-color-5)","background-image":"","background-repeat":"repeat","background-position":"center center","background-size":"auto","background-attachment":"scroll","background-type":"","background-media":"","overlay-type":"","overlay-color":"","overlay-opacity":"","overlay-gradient":""},"mobile":{"background-color":"var(--ast-global-color-5)","background-image":"","background-repeat":"repeat","background-position":"center center","background-size":"auto","background-attachment":"scroll","background-type":"","background-media":"","overlay-type":"","overlay-color":"","overlay-opacity":"","overlay-gradient":""}},"footnotes":""},"class_list":["post-9879","page","type-page","status-publish","has-post-thumbnail","hentry"],"yoast_head":"<!-- This site is optimized with the Yoast SEO plugin v26.8 - https:\/\/yoast.com\/product\/yoast-seo-wordpress\/ -->\n<title>Spenden - Migwan<\/title>\n<meta name=\"robots\" content=\"index, follow, max-snippet:-1, max-image-preview:large, max-video-preview:-1\" \/>\n<link rel=\"canonical\" href=\"https:\/\/migwan.ch\/en\/donations\/\" \/>\n<meta property=\"og:locale\" content=\"en_GB\" \/>\n<meta property=\"og:type\" content=\"article\" \/>\n<meta property=\"og:title\" content=\"Spenden - Migwan\" \/>\n<meta property=\"og:description\" content=\"Spenden Ihre Synagoge braucht Sie! Ein dringender Bedarf besteht\u00a0 f\u00fcr Sicherheitskosten. Die j\u00fcngste Reihe schockierender und tragischer antisemitischer Angriffe weltweit \u2013 zuletzt bei der Chabad-Veranstaltung zum\u00a0 Chanukka-Fest in Sydney \u2013 erinnert uns an die sehr realen Gefahren. Migwan setzt sich daf\u00fcr ein, dass sich alle Mitglieder und G\u00e4ste bei unseren Gottesdiensten und Veranstaltungen sicher f\u00fchlen. [&hellip;]\" \/>\n<meta property=\"og:url\" content=\"https:\/\/migwan.ch\/en\/donations\/\" \/>\n<meta property=\"og:site_name\" content=\"Migwan\" \/>\n<meta property=\"article:publisher\" content=\"https:\/\/www.facebook.com\/people\/Migwan-Basel\/100064686969343\/\" \/>\n<meta property=\"article:modified_time\" content=\"2025-12-18T22:57:06+00:00\" \/>\n<meta property=\"og:image\" content=\"https:\/\/migwan.ch\/wp-content\/uploads\/2023\/10\/Siddur-picture.png.webp\" \/>\n\t<meta property=\"og:image:width\" content=\"720\" \/>\n\t<meta property=\"og:image:height\" content=\"452\" \/>\n\t<meta property=\"og:image:type\" content=\"image\/webp\" \/>\n<meta name=\"twitter:card\" content=\"summary_large_image\" \/>\n<meta name=\"twitter:label1\" content=\"Estimated reading time\" \/>\n\t<meta name=\"twitter:data1\" content=\"1 minute\" \/>\n<script type=\"application\/ld+json\" class=\"yoast-schema-graph\">{\"@context\":\"https:\/\/schema.org\",\"@graph\":[{\"@type\":\"WebPage\",\"@id\":\"https:\/\/migwan.ch\/spenden\/\",\"url\":\"https:\/\/migwan.ch\/spenden\/\",\"name\":\"Spenden - Migwan\",\"isPartOf\":{\"@id\":\"https:\/\/migwan.ch\/#website\"},\"primaryImageOfPage\":{\"@id\":\"https:\/\/migwan.ch\/spenden\/#primaryimage\"},\"image\":{\"@id\":\"https:\/\/migwan.ch\/spenden\/#primaryimage\"},\"thumbnailUrl\":\"https:\/\/migwan.ch\/wp-content\/uploads\/2023\/10\/Siddur-picture.png.webp\",\"datePublished\":\"2024-01-25T07:29:51+00:00\",\"dateModified\":\"2025-12-18T22:57:06+00:00\",\"breadcrumb\":{\"@id\":\"https:\/\/migwan.ch\/spenden\/#breadcrumb\"},\"inLanguage\":\"en-GB\",\"potentialAction\":[{\"@type\":\"ReadAction\",\"target\":[\"https:\/\/migwan.ch\/spenden\/\"]}]},{\"@type\":\"ImageObject\",\"inLanguage\":\"en-GB\",\"@id\":\"https:\/\/migwan.ch\/spenden\/#primaryimage\",\"url\":\"https:\/\/migwan.ch\/wp-content\/uploads\/2023\/10\/Siddur-picture.png.webp\",\"contentUrl\":\"https:\/\/migwan.ch\/wp-content\/uploads\/2023\/10\/Siddur-picture.png.webp\",\"width\":720,\"height\":452},{\"@type\":\"BreadcrumbList\",\"@id\":\"https:\/\/migwan.ch\/spenden\/#breadcrumb\",\"itemListElement\":[{\"@type\":\"ListItem\",\"position\":1,\"name\":\"Startseite\",\"item\":\"https:\/\/migwan.ch\/\"},{\"@type\":\"ListItem\",\"position\":2,\"name\":\"Spenden\"}]},{\"@type\":\"WebSite\",\"@id\":\"https:\/\/migwan.ch\/#website\",\"url\":\"https:\/\/migwan.ch\/\",\"name\":\"Migwan\",\"description\":\"Liberale J\u00fcdische Gemeinde Basel\",\"publisher\":{\"@id\":\"https:\/\/migwan.ch\/#organization\"},\"potentialAction\":[{\"@type\":\"SearchAction\",\"target\":{\"@type\":\"EntryPoint\",\"urlTemplate\":\"https:\/\/migwan.ch\/?s={search_term_string}\"},\"query-input\":{\"@type\":\"PropertyValueSpecification\",\"valueRequired\":true,\"valueName\":\"search_term_string\"}}],\"inLanguage\":\"en-GB\"},{\"@type\":\"Organization\",\"@id\":\"https:\/\/migwan.ch\/#organization\",\"name\":\"Migwan\",\"url\":\"https:\/\/migwan.ch\/\",\"logo\":{\"@type\":\"ImageObject\",\"inLanguage\":\"en-GB\",\"@id\":\"https:\/\/migwan.ch\/#\/schema\/logo\/image\/\",\"url\":\"https:\/\/migwan.ch\/wp-content\/uploads\/2024\/03\/Migwan_logo_menora_solo2-1.png\",\"contentUrl\":\"https:\/\/migwan.ch\/wp-content\/uploads\/2024\/03\/Migwan_logo_menora_solo2-1.png\",\"width\":4499,\"height\":887,\"caption\":\"Migwan\"},\"image\":{\"@id\":\"https:\/\/migwan.ch\/#\/schema\/logo\/image\/\"},\"sameAs\":[\"https:\/\/www.facebook.com\/people\/Migwan-Basel\/100064686969343\/\",\"https:\/\/www.instagram.com\/Migwan_Switzerland\/\"]}]}<\/script>\n<!-- \/ Yoast SEO plugin. -->","yoast_head_json":{"title":"Donations - Migwan","robots":{"index":"index","follow":"follow","max-snippet":"max-snippet:-1","max-image-preview":"max-image-preview:large","max-video-preview":"max-video-preview:-1"},"canonical":"https:\/\/migwan.ch\/en\/donations\/","og_locale":"en_GB","og_type":"article","og_title":"Spenden - Migwan","og_description":"Spenden Ihre Synagoge braucht Sie! Ein dringender Bedarf besteht\u00a0 f\u00fcr Sicherheitskosten. Die j\u00fcngste Reihe schockierender und tragischer antisemitischer Angriffe weltweit \u2013 zuletzt bei der Chabad-Veranstaltung zum\u00a0 Chanukka-Fest in Sydney \u2013 erinnert uns an die sehr realen Gefahren. Migwan setzt sich daf\u00fcr ein, dass sich alle Mitglieder und G\u00e4ste bei unseren Gottesdiensten und Veranstaltungen sicher f\u00fchlen. [&hellip;]","og_url":"https:\/\/migwan.ch\/en\/donations\/","og_site_name":"Migwan","article_publisher":"https:\/\/www.facebook.com\/people\/Migwan-Basel\/100064686969343\/","article_modified_time":"2025-12-18T22:57:06+00:00","og_image":[{"width":720,"height":452,"url":"https:\/\/migwan.ch\/wp-content\/uploads\/2023\/10\/Siddur-picture.png.webp","type":"image\/webp"}],"twitter_card":"summary_large_image","twitter_misc":{"Estimated reading time":"1 minute"},"schema":{"@context":"https:\/\/schema.org","@graph":[{"@type":"WebPage","@id":"https:\/\/migwan.ch\/spenden\/","url":"https:\/\/migwan.ch\/spenden\/","name":"Donations - Migwan","isPartOf":{"@id":"https:\/\/migwan.ch\/#website"},"primaryImageOfPage":{"@id":"https:\/\/migwan.ch\/spenden\/#primaryimage"},"image":{"@id":"https:\/\/migwan.ch\/spenden\/#primaryimage"},"thumbnailUrl":"https:\/\/migwan.ch\/wp-content\/uploads\/2023\/10\/Siddur-picture.png.webp","datePublished":"2024-01-25T07:29:51+00:00","dateModified":"2025-12-18T22:57:06+00:00","breadcrumb":{"@id":"https:\/\/migwan.ch\/spenden\/#breadcrumb"},"inLanguage":"en-GB","potentialAction":[{"@type":"ReadAction","target":["https:\/\/migwan.ch\/spenden\/"]}]},{"@type":"ImageObject","inLanguage":"en-GB","@id":"https:\/\/migwan.ch\/spenden\/#primaryimage","url":"https:\/\/migwan.ch\/wp-content\/uploads\/2023\/10\/Siddur-picture.png.webp","contentUrl":"https:\/\/migwan.ch\/wp-content\/uploads\/2023\/10\/Siddur-picture.png.webp","width":720,"height":452},{"@type":"BreadcrumbList","@id":"https:\/\/migwan.ch\/spenden\/#breadcrumb","itemListElement":[{"@type":"ListItem","position":1,"name":"Startseite","item":"https:\/\/migwan.ch\/"},{"@type":"ListItem","position":2,"name":"Spenden"}]},{"@type":"WebSite","@id":"https:\/\/migwan.ch\/#website","url":"https:\/\/migwan.ch\/","name":"Migwan","description":"Liberal Jewish Community Basel","publisher":{"@id":"https:\/\/migwan.ch\/#organization"},"potentialAction":[{"@type":"SearchAction","target":{"@type":"EntryPoint","urlTemplate":"https:\/\/migwan.ch\/?s={search_term_string}"},"query-input":{"@type":"PropertyValueSpecification","valueRequired":true,"valueName":"search_term_string"}}],"inLanguage":"en-GB"},{"@type":"Organization","@id":"https:\/\/migwan.ch\/#organization","name":"Migwan","url":"https:\/\/migwan.ch\/","logo":{"@type":"ImageObject","inLanguage":"en-GB","@id":"https:\/\/migwan.ch\/#\/schema\/logo\/image\/","url":"https:\/\/migwan.ch\/wp-content\/uploads\/2024\/03\/Migwan_logo_menora_solo2-1.png","contentUrl":"https:\/\/migwan.ch\/wp-content\/uploads\/2024\/03\/Migwan_logo_menora_solo2-1.png","width":4499,"height":887,"caption":"Migwan"},"image":{"@id":"https:\/\/migwan.ch\/#\/schema\/logo\/image\/"},"sameAs":["https:\/\/www.facebook.com\/people\/Migwan-Basel\/100064686969343\/","https:\/\/www.instagram.com\/Migwan_Switzerland\/"]}]}},"_links":{"self":[{"href":"https:\/\/migwan.ch\/en\/wp-json\/wp\/v2\/pages\/9879","targetHints":{"allow":["GET"]}}],"collection":[{"href":"https:\/\/migwan.ch\/en\/wp-json\/wp\/v2\/pages"}],"about":[{"href":"https:\/\/migwan.ch\/en\/wp-json\/wp\/v2\/types\/page"}],"author":[{"embeddable":true,"href":"https:\/\/migwan.ch\/en\/wp-json\/wp\/v2\/users\/1"}],"replies":[{"embeddable":true,"href":"https:\/\/migwan.ch\/en\/wp-json\/wp\/v2\/comments?post=9879"}],"version-history":[{"count":9,"href":"https:\/\/migwan.ch\/en\/wp-json\/wp\/v2\/pages\/9879\/revisions"}],"predecessor-version":[{"id":13855,"href":"https:\/\/migwan.ch\/en\/wp-json\/wp\/v2\/pages\/9879\/revisions\/13855"}],"wp:featuredmedia":[{"embeddable":true,"href":"https:\/\/migwan.ch\/en\/wp-json\/wp\/v2\/media\/8901"}],"wp:attachment":[{"href":"https:\/\/migwan.ch\/en\/wp-json\/wp\/v2\/media?parent=9879"}],"curies":[{"name":"wp","href":"https:\/\/api.w.org\/{rel}","templated":true}]}}