{"id":9972,"date":"2024-03-13T10:14:12","date_gmt":"2024-03-13T09:14:12","guid":{"rendered":"https:\/\/www.migwan.ch\/neu2\/?page_id=9972"},"modified":"2024-03-28T09:48:02","modified_gmt":"2024-03-28T08:48:02","slug":"adult-education","status":"publish","type":"page","link":"https:\/\/migwan.ch\/en\/erwachsenenbildung\/","title":{"rendered":"Adult education"},"content":{"rendered":"<div data-elementor-type=\"wp-page\" data-elementor-id=\"9972\" class=\"elementor elementor-9972\" data-elementor-post-type=\"page\">\n\t\t\t\t<div data-particle_enable=\"false\" data-particle-mobile-disabled=\"false\" class=\"elementor-element elementor-element-d944a3e e-flex e-con-boxed e-con e-parent\" data-id=\"d944a3e\" data-element_type=\"container\" data-e-type=\"container\">\n\t\t\t\t\t<div class=\"e-con-inner\">\n\t\t\t\t<div class=\"elementor-element elementor-element-1e88394 elementor-widget elementor-widget-heading\" data-id=\"1e88394\" data-element_type=\"widget\" data-e-type=\"widget\" data-widget_type=\"heading.default\">\n\t\t\t\t<div class=\"elementor-widget-container\">\n\t\t\t\t\t<h1 class=\"elementor-heading-title elementor-size-default\">Adult education<\/h1>\t\t\t\t<\/div>\n\t\t\t\t<\/div>\n\t\t\t\t\t<\/div>\n\t\t\t\t<\/div>\n\t\t<div data-particle_enable=\"false\" data-particle-mobile-disabled=\"false\" class=\"elementor-element elementor-element-bc238aa e-flex e-con-boxed e-con e-parent\" data-id=\"bc238aa\" data-element_type=\"container\" data-e-type=\"container\">\n\t\t\t\t\t<div class=\"e-con-inner\">\n\t\t\t\t<div class=\"elementor-element elementor-element-e87d0f4 elementor-grid-4 elementor-grid-tablet-2 elementor-grid-mobile-1 elementor-posts--thumbnail-top elementor-card-shadow-yes elementor-posts__hover-gradient elementor-widget elementor-widget-posts\" data-id=\"e87d0f4\" data-element_type=\"widget\" data-e-type=\"widget\" data-settings=\"{&quot;cards_columns&quot;:&quot;4&quot;,&quot;cards_columns_tablet&quot;:&quot;2&quot;,&quot;cards_columns_mobile&quot;:&quot;1&quot;,&quot;cards_row_gap&quot;:{&quot;unit&quot;:&quot;px&quot;,&quot;size&quot;:35,&quot;sizes&quot;:[]},&quot;cards_row_gap_tablet&quot;:{&quot;unit&quot;:&quot;px&quot;,&quot;size&quot;:&quot;&quot;,&quot;sizes&quot;:[]},&quot;cards_row_gap_mobile&quot;:{&quot;unit&quot;:&quot;px&quot;,&quot;size&quot;:&quot;&quot;,&quot;sizes&quot;:[]}}\" data-widget_type=\"posts.cards\">\n\t\t\t\t<div class=\"elementor-widget-container\">\n\t\t\t\t\t\t\t<div class=\"elementor-posts-container elementor-posts elementor-posts--skin-cards elementor-grid\" role=\"list\">\n\t\t\t\t<article class=\"elementor-post elementor-grid-item post-8539 post type-post status-publish format-standard has-post-thumbnail hentry category-erwachsenenbildung\" role=\"listitem\">\n\t\t\t<div class=\"elementor-post__card\">\n\t\t\t\t<a class=\"elementor-post__thumbnail__link\" href=\"https:\/\/migwan.ch\/en\/zeirimot\/\" tabindex=\"-1\" ><div class=\"elementor-post__thumbnail\"><img fetchpriority=\"high\" decoding=\"async\" width=\"611\" height=\"350\" src=\"https:\/\/migwan.ch\/wp-content\/uploads\/2024\/01\/VJSB-logo.png\" class=\"attachment-full size-full wp-image-12077\" alt=\"\" srcset=\"https:\/\/migwan.ch\/wp-content\/uploads\/2024\/01\/VJSB-logo.png 611w, https:\/\/migwan.ch\/wp-content\/uploads\/2024\/01\/VJSB-logo-300x172.png 300w, https:\/\/migwan.ch\/wp-content\/uploads\/2024\/01\/VJSB-logo-18x10.png 18w\" sizes=\"(max-width: 611px) 100vw, 611px\" \/><\/div><\/a>\n\t\t\t\t<div class=\"elementor-post__text\">\n\t\t\t\t<h3 class=\"elementor-post__title\">\n\t\t\t<a href=\"https:\/\/migwan.ch\/en\/zeirimot\/\" >\n\t\t\t\tZe'irimot\t\t\t<\/a>\n\t\t<\/h3>\n\t\t\t\t<div class=\"elementor-post__excerpt\">\n\t\t\t<p>Ze\u2019irimot ist die Gruppe f\u00fcr junge Erwachsene (im Alter von 18 bis 35 Jahre). Wir treffen uns alle zwei Monate. Kontaktieren Sie uns\u00a0 @ l&#101;&#x61;&#x40;&#x6d;i&#103;&#x77;&#x61;&#x6e;&#46;&#99;&#x68;, um in die WhatsApp-Gruppe aufgenommen<\/p>\n\t\t<\/div>\n\t\t\t\t\t<div class=\"elementor-post__read-more-wrapper\">\n\t\t\n\t\t<a class=\"elementor-post__read-more\" href=\"https:\/\/migwan.ch\/en\/zeirimot\/\" aria-label=\"Read more about Ze&#039;irimot\" tabindex=\"-1\" >\n\t\t\tContinue reading \"\t\t<\/a>\n\n\t\t\t\t\t<\/div>\n\t\t\t\t<\/div>\n\t\t\t\t\t<\/div>\n\t\t<\/article>\n\t\t\t\t<article class=\"elementor-post elementor-grid-item post-8471 post type-post status-publish format-standard hentry category-erwachsenenbildung category-schule\" role=\"listitem\">\n\t\t\t<div class=\"elementor-post__card\">\n\t\t\t\t<div class=\"elementor-post__text\">\n\t\t\t\t<h3 class=\"elementor-post__title\">\n\t\t\t<a href=\"https:\/\/migwan.ch\/en\/hebraeische-bibliothek\/\" >\n\t\t\t\tHebrew Library\t\t\t<\/a>\n\t\t<\/h3>\n\t\t\t\t<div class=\"elementor-post__excerpt\">\n\t\t\t<p>Migwan now has a small Hebrew library with two separate bookshelves, one for adults in the main room and the other for children's books in the classroom. The books can be borrowed free of charge.<\/p>\n\t\t<\/div>\n\t\t\t\t\t<div class=\"elementor-post__read-more-wrapper\">\n\t\t\n\t\t<a class=\"elementor-post__read-more\" href=\"https:\/\/migwan.ch\/en\/hebraeische-bibliothek\/\" aria-label=\"Read more about Hebrew Library\" tabindex=\"-1\" >\n\t\t\tContinue reading \"\t\t<\/a>\n\n\t\t\t\t\t<\/div>\n\t\t\t\t<\/div>\n\t\t\t\t\t<\/div>\n\t\t<\/article>\n\t\t\t\t<article class=\"elementor-post elementor-grid-item post-8449 post type-post status-publish format-standard hentry category-erwachsenenbildung\" role=\"listitem\">\n\t\t\t<div class=\"elementor-post__card\">\n\t\t\t\t<div class=\"elementor-post__text\">\n\t\t\t\t<h3 class=\"elementor-post__title\">\n\t\t\t<a href=\"https:\/\/migwan.ch\/en\/hebraeisch-fuer-erwachsene\/\" >\n\t\t\t\tHebrew for adults\t\t\t<\/a>\n\t\t<\/h3>\n\t\t\t\t<div class=\"elementor-post__excerpt\">\n\t\t\t<p>Montagabend online,\u00a0einmal im Monat vor Ort Migwan, Herrengrabenweg 50, 4054 Basel Hebr\u00e4isch-Kurs Wir beginnen wieder mit dem Hebr\u00e4ischkurs f\u00fcr \u201efortgeschrittene Anf\u00e4nger\u201c &#8211; parallel zu A1.2 &#8211; in dem wir t\u00e4glichen<\/p>\n\t\t<\/div>\n\t\t\t\t\t<div class=\"elementor-post__read-more-wrapper\">\n\t\t\n\t\t<a class=\"elementor-post__read-more\" href=\"https:\/\/migwan.ch\/en\/hebraeisch-fuer-erwachsene\/\" aria-label=\"Read more about Hebrew for adults\" tabindex=\"-1\" >\n\t\t\tContinue reading \"\t\t<\/a>\n\n\t\t\t\t\t<\/div>\n\t\t\t\t<\/div>\n\t\t\t\t\t<\/div>\n\t\t<\/article>\n\t\t\t\t<\/div>\n\t\t\n\t\t\t\t\t\t<\/div>\n\t\t\t\t<\/div>\n\t\t\t\t\t<\/div>\n\t\t\t\t<\/div>\n\t\t\t\t<\/div>","protected":false},"excerpt":{"rendered":"<p>Adult education<\/p>","protected":false},"author":1,"featured_media":0,"parent":0,"menu_order":0,"comment_status":"closed","ping_status":"closed","template":"","meta":{"site-sidebar-layout":"no-sidebar","site-content-layout":"page-builder","ast-site-content-layout":"full-width-container","site-content-style":"unboxed","site-sidebar-style":"unboxed","ast-global-header-display":"","ast-banner-title-visibility":"","ast-main-header-display":"","ast-hfb-above-header-display":"","ast-hfb-below-header-display":"","ast-hfb-mobile-header-display":"","site-post-title":"disabled","ast-breadcrumbs-content":"disabled","ast-featured-img":"disabled","footer-sml-layout":"","ast-disable-related-posts":"","theme-transparent-header-meta":"disabled","adv-header-id-meta":"","stick-header-meta":"enabled","header-above-stick-meta":"disabled","header-main-stick-meta":"disabled","header-below-stick-meta":"disabled","astra-migrate-meta-layouts":"set","ast-page-background-enabled":"default","ast-page-background-meta":{"desktop":{"background-color":"","background-image":"","background-repeat":"repeat","background-position":"center center","background-size":"auto","background-attachment":"scroll","background-type":"","background-media":"","overlay-type":"","overlay-color":"","overlay-opacity":"","overlay-gradient":""},"tablet":{"background-color":"","background-image":"","background-repeat":"repeat","background-position":"center center","background-size":"auto","background-attachment":"scroll","background-type":"","background-media":"","overlay-type":"","overlay-color":"","overlay-opacity":"","overlay-gradient":""},"mobile":{"background-color":"","background-image":"","background-repeat":"repeat","background-position":"center center","background-size":"auto","background-attachment":"scroll","background-type":"","background-media":"","overlay-type":"","overlay-color":"","overlay-opacity":"","overlay-gradient":""}},"ast-content-background-meta":{"desktop":{"background-color":"var(--ast-global-color-5)","background-image":"","background-repeat":"repeat","background-position":"center center","background-size":"auto","background-attachment":"scroll","background-type":"","background-media":"","overlay-type":"","overlay-color":"","overlay-opacity":"","overlay-gradient":""},"tablet":{"background-color":"var(--ast-global-color-5)","background-image":"","background-repeat":"repeat","background-position":"center center","background-size":"auto","background-attachment":"scroll","background-type":"","background-media":"","overlay-type":"","overlay-color":"","overlay-opacity":"","overlay-gradient":""},"mobile":{"background-color":"var(--ast-global-color-5)","background-image":"","background-repeat":"repeat","background-position":"center center","background-size":"auto","background-attachment":"scroll","background-type":"","background-media":"","overlay-type":"","overlay-color":"","overlay-opacity":"","overlay-gradient":""}},"footnotes":""},"class_list":["post-9972","page","type-page","status-publish","hentry"],"yoast_head":"<!-- This site is optimized with the Yoast SEO plugin v27.3 - https:\/\/yoast.com\/product\/yoast-seo-wordpress\/ -->\n<title>Erwachsenenbildung - Migwan<\/title>\n<meta name=\"robots\" content=\"index, follow, max-snippet:-1, max-image-preview:large, max-video-preview:-1\" \/>\n<link rel=\"canonical\" href=\"https:\/\/migwan.ch\/en\/adult-education\/\" \/>\n<meta property=\"og:locale\" content=\"en_GB\" \/>\n<meta property=\"og:type\" content=\"article\" \/>\n<meta property=\"og:title\" content=\"Erwachsenenbildung - Migwan\" \/>\n<meta property=\"og:description\" content=\"Erwachsenenbildung\" \/>\n<meta property=\"og:url\" content=\"https:\/\/migwan.ch\/en\/adult-education\/\" \/>\n<meta property=\"og:site_name\" content=\"Migwan\" \/>\n<meta property=\"article:publisher\" content=\"https:\/\/www.facebook.com\/people\/Migwan-Basel\/100064686969343\/\" \/>\n<meta property=\"article:modified_time\" content=\"2024-03-28T08:48:02+00:00\" \/>\n<meta name=\"twitter:card\" content=\"summary_large_image\" \/>\n<meta name=\"twitter:label1\" content=\"Estimated reading time\" \/>\n\t<meta name=\"twitter:data1\" content=\"4 minutes\" \/>\n<script type=\"application\/ld+json\" class=\"yoast-schema-graph\">{\"@context\":\"https:\\\/\\\/schema.org\",\"@graph\":[{\"@type\":\"WebPage\",\"@id\":\"https:\\\/\\\/migwan.ch\\\/erwachsenenbildung\\\/\",\"url\":\"https:\\\/\\\/migwan.ch\\\/erwachsenenbildung\\\/\",\"name\":\"Erwachsenenbildung - Migwan\",\"isPartOf\":{\"@id\":\"https:\\\/\\\/migwan.ch\\\/#website\"},\"datePublished\":\"2024-03-13T09:14:12+00:00\",\"dateModified\":\"2024-03-28T08:48:02+00:00\",\"breadcrumb\":{\"@id\":\"https:\\\/\\\/migwan.ch\\\/erwachsenenbildung\\\/#breadcrumb\"},\"inLanguage\":\"en-GB\",\"potentialAction\":[{\"@type\":\"ReadAction\",\"target\":[\"https:\\\/\\\/migwan.ch\\\/erwachsenenbildung\\\/\"]}]},{\"@type\":\"BreadcrumbList\",\"@id\":\"https:\\\/\\\/migwan.ch\\\/erwachsenenbildung\\\/#breadcrumb\",\"itemListElement\":[{\"@type\":\"ListItem\",\"position\":1,\"name\":\"Startseite\",\"item\":\"https:\\\/\\\/migwan.ch\\\/\"},{\"@type\":\"ListItem\",\"position\":2,\"name\":\"Erwachsenenbildung\"}]},{\"@type\":\"WebSite\",\"@id\":\"https:\\\/\\\/migwan.ch\\\/#website\",\"url\":\"https:\\\/\\\/migwan.ch\\\/\",\"name\":\"Migwan\",\"description\":\"Liberale J\u00fcdische Gemeinde Basel\",\"publisher\":{\"@id\":\"https:\\\/\\\/migwan.ch\\\/#organization\"},\"potentialAction\":[{\"@type\":\"SearchAction\",\"target\":{\"@type\":\"EntryPoint\",\"urlTemplate\":\"https:\\\/\\\/migwan.ch\\\/?s={search_term_string}\"},\"query-input\":{\"@type\":\"PropertyValueSpecification\",\"valueRequired\":true,\"valueName\":\"search_term_string\"}}],\"inLanguage\":\"en-GB\"},{\"@type\":\"Organization\",\"@id\":\"https:\\\/\\\/migwan.ch\\\/#organization\",\"name\":\"Migwan\",\"url\":\"https:\\\/\\\/migwan.ch\\\/\",\"logo\":{\"@type\":\"ImageObject\",\"inLanguage\":\"en-GB\",\"@id\":\"https:\\\/\\\/migwan.ch\\\/#\\\/schema\\\/logo\\\/image\\\/\",\"url\":\"https:\\\/\\\/migwan.ch\\\/wp-content\\\/uploads\\\/2024\\\/03\\\/Migwan_logo_menora_solo2-1.png\",\"contentUrl\":\"https:\\\/\\\/migwan.ch\\\/wp-content\\\/uploads\\\/2024\\\/03\\\/Migwan_logo_menora_solo2-1.png\",\"width\":4499,\"height\":887,\"caption\":\"Migwan\"},\"image\":{\"@id\":\"https:\\\/\\\/migwan.ch\\\/#\\\/schema\\\/logo\\\/image\\\/\"},\"sameAs\":[\"https:\\\/\\\/www.facebook.com\\\/people\\\/Migwan-Basel\\\/100064686969343\\\/\",\"https:\\\/\\\/www.instagram.com\\\/Migwan_Switzerland\\\/\"]}]}<\/script>\n<!-- \/ Yoast SEO plugin. -->","yoast_head_json":{"title":"Adult education - Migwan","robots":{"index":"index","follow":"follow","max-snippet":"max-snippet:-1","max-image-preview":"max-image-preview:large","max-video-preview":"max-video-preview:-1"},"canonical":"https:\/\/migwan.ch\/en\/adult-education\/","og_locale":"en_GB","og_type":"article","og_title":"Erwachsenenbildung - Migwan","og_description":"Erwachsenenbildung","og_url":"https:\/\/migwan.ch\/en\/adult-education\/","og_site_name":"Migwan","article_publisher":"https:\/\/www.facebook.com\/people\/Migwan-Basel\/100064686969343\/","article_modified_time":"2024-03-28T08:48:02+00:00","twitter_card":"summary_large_image","twitter_misc":{"Estimated reading time":"4 minutes"},"schema":{"@context":"https:\/\/schema.org","@graph":[{"@type":"WebPage","@id":"https:\/\/migwan.ch\/erwachsenenbildung\/","url":"https:\/\/migwan.ch\/erwachsenenbildung\/","name":"Adult education - Migwan","isPartOf":{"@id":"https:\/\/migwan.ch\/#website"},"datePublished":"2024-03-13T09:14:12+00:00","dateModified":"2024-03-28T08:48:02+00:00","breadcrumb":{"@id":"https:\/\/migwan.ch\/erwachsenenbildung\/#breadcrumb"},"inLanguage":"en-GB","potentialAction":[{"@type":"ReadAction","target":["https:\/\/migwan.ch\/erwachsenenbildung\/"]}]},{"@type":"BreadcrumbList","@id":"https:\/\/migwan.ch\/erwachsenenbildung\/#breadcrumb","itemListElement":[{"@type":"ListItem","position":1,"name":"Startseite","item":"https:\/\/migwan.ch\/"},{"@type":"ListItem","position":2,"name":"Erwachsenenbildung"}]},{"@type":"WebSite","@id":"https:\/\/migwan.ch\/#website","url":"https:\/\/migwan.ch\/","name":"Migwan","description":"Liberal Jewish Community Basel","publisher":{"@id":"https:\/\/migwan.ch\/#organization"},"potentialAction":[{"@type":"SearchAction","target":{"@type":"EntryPoint","urlTemplate":"https:\/\/migwan.ch\/?s={search_term_string}"},"query-input":{"@type":"PropertyValueSpecification","valueRequired":true,"valueName":"search_term_string"}}],"inLanguage":"en-GB"},{"@type":"Organization","@id":"https:\/\/migwan.ch\/#organization","name":"Migwan","url":"https:\/\/migwan.ch\/","logo":{"@type":"ImageObject","inLanguage":"en-GB","@id":"https:\/\/migwan.ch\/#\/schema\/logo\/image\/","url":"https:\/\/migwan.ch\/wp-content\/uploads\/2024\/03\/Migwan_logo_menora_solo2-1.png","contentUrl":"https:\/\/migwan.ch\/wp-content\/uploads\/2024\/03\/Migwan_logo_menora_solo2-1.png","width":4499,"height":887,"caption":"Migwan"},"image":{"@id":"https:\/\/migwan.ch\/#\/schema\/logo\/image\/"},"sameAs":["https:\/\/www.facebook.com\/people\/Migwan-Basel\/100064686969343\/","https:\/\/www.instagram.com\/Migwan_Switzerland\/"]}]}},"_links":{"self":[{"href":"https:\/\/migwan.ch\/en\/wp-json\/wp\/v2\/pages\/9972","targetHints":{"allow":["GET"]}}],"collection":[{"href":"https:\/\/migwan.ch\/en\/wp-json\/wp\/v2\/pages"}],"about":[{"href":"https:\/\/migwan.ch\/en\/wp-json\/wp\/v2\/types\/page"}],"author":[{"embeddable":true,"href":"https:\/\/migwan.ch\/en\/wp-json\/wp\/v2\/users\/1"}],"replies":[{"embeddable":true,"href":"https:\/\/migwan.ch\/en\/wp-json\/wp\/v2\/comments?post=9972"}],"version-history":[{"count":0,"href":"https:\/\/migwan.ch\/en\/wp-json\/wp\/v2\/pages\/9972\/revisions"}],"wp:attachment":[{"href":"https:\/\/migwan.ch\/en\/wp-json\/wp\/v2\/media?parent=9972"}],"curies":[{"name":"wp","href":"https:\/\/api.w.org\/{rel}","templated":true}]}}