{"id":9973,"date":"2024-03-13T10:14:26","date_gmt":"2024-03-13T09:14:26","guid":{"rendered":"https:\/\/www.migwan.ch\/neu2\/?page_id=9973"},"modified":"2025-03-31T18:08:17","modified_gmt":"2025-03-31T16:08:17","slug":"children-teenagers","status":"publish","type":"page","link":"https:\/\/migwan.ch\/en\/children-teenagers\/","title":{"rendered":"Children &amp; teenagers"},"content":{"rendered":"<div data-elementor-type=\"wp-page\" data-elementor-id=\"9973\" class=\"elementor elementor-9973\" data-elementor-post-type=\"page\">\n\t\t\t\t<div data-particle_enable=\"false\" data-particle-mobile-disabled=\"false\" class=\"elementor-element elementor-element-d944a3e e-flex e-con-boxed e-con e-parent\" data-id=\"d944a3e\" data-element_type=\"container\">\n\t\t\t\t\t<div class=\"e-con-inner\">\n\t\t\t\t<div class=\"elementor-element elementor-element-1e88394 elementor-widget elementor-widget-heading\" data-id=\"1e88394\" data-element_type=\"widget\" data-widget_type=\"heading.default\">\n\t\t\t\t<div class=\"elementor-widget-container\">\n\t\t\t\t\t<h1 class=\"elementor-heading-title elementor-size-default\">Children &amp; teenagers<\/h1>\t\t\t\t<\/div>\n\t\t\t\t<\/div>\n\t\t\t\t\t<\/div>\n\t\t\t\t<\/div>\n\t\t<div data-particle_enable=\"false\" data-particle-mobile-disabled=\"false\" class=\"elementor-element elementor-element-bc238aa e-flex e-con-boxed e-con e-parent\" data-id=\"bc238aa\" data-element_type=\"container\">\n\t\t\t\t\t<div class=\"e-con-inner\">\n\t\t\t\t<div class=\"elementor-element elementor-element-e87d0f4 elementor-grid-4 elementor-grid-tablet-2 elementor-grid-mobile-1 elementor-posts--thumbnail-top elementor-card-shadow-yes elementor-posts__hover-gradient elementor-widget elementor-widget-posts\" data-id=\"e87d0f4\" data-element_type=\"widget\" data-settings=\"{&quot;cards_columns&quot;:&quot;4&quot;,&quot;cards_columns_tablet&quot;:&quot;2&quot;,&quot;cards_columns_mobile&quot;:&quot;1&quot;,&quot;cards_row_gap&quot;:{&quot;unit&quot;:&quot;px&quot;,&quot;size&quot;:35,&quot;sizes&quot;:[]},&quot;cards_row_gap_tablet&quot;:{&quot;unit&quot;:&quot;px&quot;,&quot;size&quot;:&quot;&quot;,&quot;sizes&quot;:[]},&quot;cards_row_gap_mobile&quot;:{&quot;unit&quot;:&quot;px&quot;,&quot;size&quot;:&quot;&quot;,&quot;sizes&quot;:[]}}\" data-widget_type=\"posts.cards\">\n\t\t\t\t<div class=\"elementor-widget-container\">\n\t\t\t\t\t\t\t<div class=\"elementor-posts-container elementor-posts elementor-posts--skin-cards elementor-grid\" role=\"list\">\n\t\t\t\t<article class=\"elementor-post elementor-grid-item post-8534 post type-post status-publish format-standard hentry category-kinder-und-jugendliche\" role=\"listitem\">\n\t\t\t<div class=\"elementor-post__card\">\n\t\t\t\t<div class=\"elementor-post__text\">\n\t\t\t\t<h3 class=\"elementor-post__title\">\n\t\t\t<a href=\"https:\/\/migwan.ch\/en\/jeens\/\" >\n\t\t\t\tJeens\t\t\t<\/a>\n\t\t<\/h3>\n\t\t\t\t<div class=\"elementor-post__excerpt\">\n\t\t\t<p>Jeens is a group for young people aged 12-19 after the B'nei Mitzvah. We meet once a month for shiurim with akiva, pizza parties, film nights and whatever else we want to do.<\/p>\n\t\t<\/div>\n\t\t\t\t\t<div class=\"elementor-post__read-more-wrapper\">\n\t\t\n\t\t<a class=\"elementor-post__read-more\" href=\"https:\/\/migwan.ch\/en\/jeens\/\" aria-label=\"Read more about Jeens\" tabindex=\"-1\" >\n\t\t\tContinue reading \"\t\t<\/a>\n\n\t\t\t\t\t<\/div>\n\t\t\t\t<\/div>\n\t\t\t\t\t<\/div>\n\t\t<\/article>\n\t\t\t\t<article class=\"elementor-post elementor-grid-item post-8476 post type-post status-publish format-standard hentry category-kinder-und-jugendliche\" role=\"listitem\">\n\t\t\t<div class=\"elementor-post__card\">\n\t\t\t\t<div class=\"elementor-post__text\">\n\t\t\t\t<h3 class=\"elementor-post__title\">\n\t\t\t<a href=\"https:\/\/migwan.ch\/en\/ktanim\/\" >\n\t\t\t\tK'tanim\t\t\t<\/a>\n\t\t<\/h3>\n\t\t\t\t<div class=\"elementor-post__excerpt\">\n\t\t\t<p>K'tanim is a programme for children from the age of three until they start school. We meet once a month on a Saturday or Sunday from 10<\/p>\n\t\t<\/div>\n\t\t\t\t\t<div class=\"elementor-post__read-more-wrapper\">\n\t\t\n\t\t<a class=\"elementor-post__read-more\" href=\"https:\/\/migwan.ch\/en\/ktanim\/\" aria-label=\"Read more about K&#039;tanim\" tabindex=\"-1\" >\n\t\t\tContinue reading \"\t\t<\/a>\n\n\t\t\t\t\t<\/div>\n\t\t\t\t<\/div>\n\t\t\t\t\t<\/div>\n\t\t<\/article>\n\t\t\t\t<article class=\"elementor-post elementor-grid-item post-8460 post type-post status-publish format-standard hentry category-kinder-und-jugendliche\" role=\"listitem\">\n\t\t\t<div class=\"elementor-post__card\">\n\t\t\t\t<div class=\"elementor-post__text\">\n\t\t\t\t<h3 class=\"elementor-post__title\">\n\t\t\t<a href=\"https:\/\/migwan.ch\/en\/hebrew-shaat-sipur-%d7%a9%d7%a2%d7%aa-%d7%a1%d7%99%d7%a4%d7%95%d7%a8\/\" >\n\t\t\t\tHebrew Sha'at Sipur-\u05e9\u05e2\u05ea \u05e1\u05d9\u05e4\u05d5\u05e8\t\t\t<\/a>\n\t\t<\/h3>\n\t\t\t\t<div class=\"elementor-post__excerpt\">\n\t\t\t<p>We meet at Migwan to read together the story \"on Jeremiah Street\" (from the wonderful Pj library collection), a story about neighbourhood, dreams and collaboration. Together we will<\/p>\n\t\t<\/div>\n\t\t\t\t\t<div class=\"elementor-post__read-more-wrapper\">\n\t\t\n\t\t<a class=\"elementor-post__read-more\" href=\"https:\/\/migwan.ch\/en\/hebrew-shaat-sipur-%d7%a9%d7%a2%d7%aa-%d7%a1%d7%99%d7%a4%d7%95%d7%a8\/\" aria-label=\"Read more about Hebrew Sha&#039;at Sipur-\u05e9\u05e2\u05ea \u05e1\u05d9\u05e4\u05d5\u05e8\" tabindex=\"-1\" >\n\t\t\tContinue reading \"\t\t<\/a>\n\n\t\t\t\t\t<\/div>\n\t\t\t\t<\/div>\n\t\t\t\t\t<\/div>\n\t\t<\/article>\n\t\t\t\t<\/div>\n\t\t\n\t\t\t\t\t\t<\/div>\n\t\t\t\t<\/div>\n\t\t\t\t\t<\/div>\n\t\t\t\t<\/div>\n\t\t<div data-particle_enable=\"false\" data-particle-mobile-disabled=\"false\" class=\"elementor-element elementor-element-2cc904f e-flex e-con-boxed e-con e-parent\" data-id=\"2cc904f\" data-element_type=\"container\">\n\t\t\t\t\t<div class=\"e-con-inner\">\n\t\t\t\t<div class=\"elementor-element elementor-element-b69b12c elementor-widget elementor-widget-text-editor\" data-id=\"b69b12c\" data-element_type=\"widget\" data-widget_type=\"text-editor.default\">\n\t\t\t\t<div class=\"elementor-widget-container\">\n\t\t\t\t\t\t\t\t\t<p>The annual Machane of the JLG Zurich takes place over Ascension Day. Migwan children are invited for the JLG prize. Lea Levi and Anne-Sophie Grosz will be there as Madricha. We will spend 4 days doing exciting activities. If you have any questions, please contact Lea (076-4667750).<\/p><p>flyer: <a href=\"https:\/\/migwan.ch\/wp-content\/uploads\/2025\/03\/Machane-Aviv-2025_Flyer.pdf\">Machane Aviv 2025_Flyer<\/a><\/p>\t\t\t\t\t\t\t\t<\/div>\n\t\t\t\t<\/div>\n\t\t\t\t\t<\/div>\n\t\t\t\t<\/div>\n\t\t\t\t<\/div>","protected":false},"excerpt":{"rendered":"<p>Kinder &amp; Jugendliche \u00dcber Auffahrt findet das allj\u00e4hrliche Machane der JLG Z\u00fcrich statt. Migwan Kinder sind zum JLG Preis eingeladen. Lea Levi und Anne-Sophie Grosz werden als Madricha dabei sein. Wir werden 4 Tage mit spannenden Aktivit\u00e4ten verbringen. Bei Fragen kann man sich bei Lea (076-4667750) melden. Flyer : Machane Aviv 2025_Flyer<\/p>","protected":false},"author":1,"featured_media":0,"parent":0,"menu_order":0,"comment_status":"closed","ping_status":"closed","template":"","meta":{"site-sidebar-layout":"no-sidebar","site-content-layout":"page-builder","ast-site-content-layout":"full-width-container","site-content-style":"unboxed","site-sidebar-style":"unboxed","ast-global-header-display":"","ast-banner-title-visibility":"","ast-main-header-display":"","ast-hfb-above-header-display":"","ast-hfb-below-header-display":"","ast-hfb-mobile-header-display":"","site-post-title":"disabled","ast-breadcrumbs-content":"disabled","ast-featured-img":"disabled","footer-sml-layout":"","ast-disable-related-posts":"","theme-transparent-header-meta":"disabled","adv-header-id-meta":"","stick-header-meta":"enabled","header-above-stick-meta":"disabled","header-main-stick-meta":"disabled","header-below-stick-meta":"disabled","astra-migrate-meta-layouts":"set","ast-page-background-enabled":"default","ast-page-background-meta":{"desktop":{"background-color":"","background-image":"","background-repeat":"repeat","background-position":"center center","background-size":"auto","background-attachment":"scroll","background-type":"","background-media":"","overlay-type":"","overlay-color":"","overlay-opacity":"","overlay-gradient":""},"tablet":{"background-color":"","background-image":"","background-repeat":"repeat","background-position":"center center","background-size":"auto","background-attachment":"scroll","background-type":"","background-media":"","overlay-type":"","overlay-color":"","overlay-opacity":"","overlay-gradient":""},"mobile":{"background-color":"","background-image":"","background-repeat":"repeat","background-position":"center center","background-size":"auto","background-attachment":"scroll","background-type":"","background-media":"","overlay-type":"","overlay-color":"","overlay-opacity":"","overlay-gradient":""}},"ast-content-background-meta":{"desktop":{"background-color":"var(--ast-global-color-5)","background-image":"","background-repeat":"repeat","background-position":"center center","background-size":"auto","background-attachment":"scroll","background-type":"","background-media":"","overlay-type":"","overlay-color":"","overlay-opacity":"","overlay-gradient":""},"tablet":{"background-color":"var(--ast-global-color-5)","background-image":"","background-repeat":"repeat","background-position":"center center","background-size":"auto","background-attachment":"scroll","background-type":"","background-media":"","overlay-type":"","overlay-color":"","overlay-opacity":"","overlay-gradient":""},"mobile":{"background-color":"var(--ast-global-color-5)","background-image":"","background-repeat":"repeat","background-position":"center center","background-size":"auto","background-attachment":"scroll","background-type":"","background-media":"","overlay-type":"","overlay-color":"","overlay-opacity":"","overlay-gradient":""}},"footnotes":""},"class_list":["post-9973","page","type-page","status-publish","hentry"],"yoast_head":"<!-- This site is optimized with the Yoast SEO plugin v26.8 - https:\/\/yoast.com\/product\/yoast-seo-wordpress\/ -->\n<title>Kinder &amp; Jugendliche - Migwan<\/title>\n<meta name=\"robots\" content=\"index, follow, max-snippet:-1, max-image-preview:large, max-video-preview:-1\" \/>\n<link rel=\"canonical\" href=\"https:\/\/migwan.ch\/en\/children-teenagers\/\" \/>\n<meta property=\"og:locale\" content=\"en_GB\" \/>\n<meta property=\"og:type\" content=\"article\" \/>\n<meta property=\"og:title\" content=\"Kinder &amp; Jugendliche - Migwan\" \/>\n<meta property=\"og:description\" content=\"Kinder &amp; Jugendliche \u00dcber Auffahrt findet das allj\u00e4hrliche Machane der JLG Z\u00fcrich statt. Migwan Kinder sind zum JLG Preis eingeladen. Lea Levi und Anne-Sophie Grosz werden als Madricha dabei sein. Wir werden 4 Tage mit spannenden Aktivit\u00e4ten verbringen. Bei Fragen kann man sich bei Lea (076-4667750) melden. Flyer : Machane Aviv 2025_Flyer\" \/>\n<meta property=\"og:url\" content=\"https:\/\/migwan.ch\/en\/children-teenagers\/\" \/>\n<meta property=\"og:site_name\" content=\"Migwan\" \/>\n<meta property=\"article:publisher\" content=\"https:\/\/www.facebook.com\/people\/Migwan-Basel\/100064686969343\/\" \/>\n<meta property=\"article:modified_time\" content=\"2025-03-31T16:08:17+00:00\" \/>\n<meta name=\"twitter:card\" content=\"summary_large_image\" \/>\n<meta name=\"twitter:label1\" content=\"Estimated reading time\" \/>\n\t<meta name=\"twitter:data1\" content=\"2 minutes\" \/>\n<script type=\"application\/ld+json\" class=\"yoast-schema-graph\">{\"@context\":\"https:\/\/schema.org\",\"@graph\":[{\"@type\":\"WebPage\",\"@id\":\"https:\/\/migwan.ch\/kinder-jugendliche\/\",\"url\":\"https:\/\/migwan.ch\/kinder-jugendliche\/\",\"name\":\"Kinder & Jugendliche - Migwan\",\"isPartOf\":{\"@id\":\"https:\/\/migwan.ch\/#website\"},\"datePublished\":\"2024-03-13T09:14:26+00:00\",\"dateModified\":\"2025-03-31T16:08:17+00:00\",\"breadcrumb\":{\"@id\":\"https:\/\/migwan.ch\/kinder-jugendliche\/#breadcrumb\"},\"inLanguage\":\"en-GB\",\"potentialAction\":[{\"@type\":\"ReadAction\",\"target\":[\"https:\/\/migwan.ch\/kinder-jugendliche\/\"]}]},{\"@type\":\"BreadcrumbList\",\"@id\":\"https:\/\/migwan.ch\/kinder-jugendliche\/#breadcrumb\",\"itemListElement\":[{\"@type\":\"ListItem\",\"position\":1,\"name\":\"Startseite\",\"item\":\"https:\/\/migwan.ch\/\"},{\"@type\":\"ListItem\",\"position\":2,\"name\":\"Kinder &#038; Jugendliche\"}]},{\"@type\":\"WebSite\",\"@id\":\"https:\/\/migwan.ch\/#website\",\"url\":\"https:\/\/migwan.ch\/\",\"name\":\"Migwan\",\"description\":\"Liberale J\u00fcdische Gemeinde Basel\",\"publisher\":{\"@id\":\"https:\/\/migwan.ch\/#organization\"},\"potentialAction\":[{\"@type\":\"SearchAction\",\"target\":{\"@type\":\"EntryPoint\",\"urlTemplate\":\"https:\/\/migwan.ch\/?s={search_term_string}\"},\"query-input\":{\"@type\":\"PropertyValueSpecification\",\"valueRequired\":true,\"valueName\":\"search_term_string\"}}],\"inLanguage\":\"en-GB\"},{\"@type\":\"Organization\",\"@id\":\"https:\/\/migwan.ch\/#organization\",\"name\":\"Migwan\",\"url\":\"https:\/\/migwan.ch\/\",\"logo\":{\"@type\":\"ImageObject\",\"inLanguage\":\"en-GB\",\"@id\":\"https:\/\/migwan.ch\/#\/schema\/logo\/image\/\",\"url\":\"https:\/\/migwan.ch\/wp-content\/uploads\/2024\/03\/Migwan_logo_menora_solo2-1.png\",\"contentUrl\":\"https:\/\/migwan.ch\/wp-content\/uploads\/2024\/03\/Migwan_logo_menora_solo2-1.png\",\"width\":4499,\"height\":887,\"caption\":\"Migwan\"},\"image\":{\"@id\":\"https:\/\/migwan.ch\/#\/schema\/logo\/image\/\"},\"sameAs\":[\"https:\/\/www.facebook.com\/people\/Migwan-Basel\/100064686969343\/\",\"https:\/\/www.instagram.com\/Migwan_Switzerland\/\"]}]}<\/script>\n<!-- \/ Yoast SEO plugin. -->","yoast_head_json":{"title":"Children &amp; Teenagers - Migwan","robots":{"index":"index","follow":"follow","max-snippet":"max-snippet:-1","max-image-preview":"max-image-preview:large","max-video-preview":"max-video-preview:-1"},"canonical":"https:\/\/migwan.ch\/en\/children-teenagers\/","og_locale":"en_GB","og_type":"article","og_title":"Kinder & Jugendliche - Migwan","og_description":"Kinder &amp; Jugendliche \u00dcber Auffahrt findet das allj\u00e4hrliche Machane der JLG Z\u00fcrich statt. Migwan Kinder sind zum JLG Preis eingeladen. Lea Levi und Anne-Sophie Grosz werden als Madricha dabei sein. Wir werden 4 Tage mit spannenden Aktivit\u00e4ten verbringen. Bei Fragen kann man sich bei Lea (076-4667750) melden. Flyer : Machane Aviv 2025_Flyer","og_url":"https:\/\/migwan.ch\/en\/children-teenagers\/","og_site_name":"Migwan","article_publisher":"https:\/\/www.facebook.com\/people\/Migwan-Basel\/100064686969343\/","article_modified_time":"2025-03-31T16:08:17+00:00","twitter_card":"summary_large_image","twitter_misc":{"Estimated reading time":"2 minutes"},"schema":{"@context":"https:\/\/schema.org","@graph":[{"@type":"WebPage","@id":"https:\/\/migwan.ch\/kinder-jugendliche\/","url":"https:\/\/migwan.ch\/kinder-jugendliche\/","name":"Children &amp; Teenagers - Migwan","isPartOf":{"@id":"https:\/\/migwan.ch\/#website"},"datePublished":"2024-03-13T09:14:26+00:00","dateModified":"2025-03-31T16:08:17+00:00","breadcrumb":{"@id":"https:\/\/migwan.ch\/kinder-jugendliche\/#breadcrumb"},"inLanguage":"en-GB","potentialAction":[{"@type":"ReadAction","target":["https:\/\/migwan.ch\/kinder-jugendliche\/"]}]},{"@type":"BreadcrumbList","@id":"https:\/\/migwan.ch\/kinder-jugendliche\/#breadcrumb","itemListElement":[{"@type":"ListItem","position":1,"name":"Startseite","item":"https:\/\/migwan.ch\/"},{"@type":"ListItem","position":2,"name":"Kinder &#038; Jugendliche"}]},{"@type":"WebSite","@id":"https:\/\/migwan.ch\/#website","url":"https:\/\/migwan.ch\/","name":"Migwan","description":"Liberal Jewish Community Basel","publisher":{"@id":"https:\/\/migwan.ch\/#organization"},"potentialAction":[{"@type":"SearchAction","target":{"@type":"EntryPoint","urlTemplate":"https:\/\/migwan.ch\/?s={search_term_string}"},"query-input":{"@type":"PropertyValueSpecification","valueRequired":true,"valueName":"search_term_string"}}],"inLanguage":"en-GB"},{"@type":"Organization","@id":"https:\/\/migwan.ch\/#organization","name":"Migwan","url":"https:\/\/migwan.ch\/","logo":{"@type":"ImageObject","inLanguage":"en-GB","@id":"https:\/\/migwan.ch\/#\/schema\/logo\/image\/","url":"https:\/\/migwan.ch\/wp-content\/uploads\/2024\/03\/Migwan_logo_menora_solo2-1.png","contentUrl":"https:\/\/migwan.ch\/wp-content\/uploads\/2024\/03\/Migwan_logo_menora_solo2-1.png","width":4499,"height":887,"caption":"Migwan"},"image":{"@id":"https:\/\/migwan.ch\/#\/schema\/logo\/image\/"},"sameAs":["https:\/\/www.facebook.com\/people\/Migwan-Basel\/100064686969343\/","https:\/\/www.instagram.com\/Migwan_Switzerland\/"]}]}},"_links":{"self":[{"href":"https:\/\/migwan.ch\/en\/wp-json\/wp\/v2\/pages\/9973","targetHints":{"allow":["GET"]}}],"collection":[{"href":"https:\/\/migwan.ch\/en\/wp-json\/wp\/v2\/pages"}],"about":[{"href":"https:\/\/migwan.ch\/en\/wp-json\/wp\/v2\/types\/page"}],"author":[{"embeddable":true,"href":"https:\/\/migwan.ch\/en\/wp-json\/wp\/v2\/users\/1"}],"replies":[{"embeddable":true,"href":"https:\/\/migwan.ch\/en\/wp-json\/wp\/v2\/comments?post=9973"}],"version-history":[{"count":0,"href":"https:\/\/migwan.ch\/en\/wp-json\/wp\/v2\/pages\/9973\/revisions"}],"wp:attachment":[{"href":"https:\/\/migwan.ch\/en\/wp-json\/wp\/v2\/media?parent=9973"}],"curies":[{"name":"wp","href":"https:\/\/api.w.org\/{rel}","templated":true}]}}